{"id":306373,"date":"2024-09-16T10:09:08","date_gmt":"2024-09-16T10:09:08","guid":{"rendered":"https:\/\/pth.2fcom.me\/produkty\/profile-z-tworzyw-sztucznych\/akcesoria-do-profili-oswietleniowych\/"},"modified":"2024-09-29T05:34:07","modified_gmt":"2024-09-29T05:34:07","slug":"akcesoria-do-profili-oswietleniowych","status":"publish","type":"page","link":"https:\/\/pth.2fcom.me\/pl\/produkty\/profile-z-tworzyw-sztucznych\/akcesoria-do-profili-oswietleniowych\/","title":{"rendered":"Akcesoria do profili o\u015bwietleniowych"},"content":{"rendered":"<p>[et_pb_section fb_built=&#8221;1&#8243; _builder_version=&#8221;4.27.0&#8243; _module_preset=&#8221;default&#8221; background_enable_color=&#8221;off&#8221; width=&#8221;100%&#8221; custom_padding=&#8221;||||false|false&#8221; global_colors_info=&#8221;{}&#8221; theme_builder_area=&#8221;post_content&#8221; collapsed=&#8221;off&#8221;][et_pb_row column_structure=&#8221;1_2,1_2&#8243; make_equal=&#8221;on&#8221; _builder_version=&#8221;4.27.0&#8243; _module_preset=&#8221;default&#8221; width=&#8221;100%&#8221; custom_padding=&#8221;0px||||false|false&#8221; custom_css_main_element=&#8221;align-items: center;&#8221; global_colors_info=&#8221;{}&#8221; theme_builder_area=&#8221;post_content&#8221;][et_pb_column type=&#8221;1_2&#8243; _builder_version=&#8221;4.25.1&#8243; _module_preset=&#8221;default&#8221; global_colors_info=&#8221;{}&#8221; theme_builder_area=&#8221;post_content&#8221;][et_pb_text _builder_version=&#8221;4.27.0&#8243; _module_preset=&#8221;default&#8221; hover_enabled=&#8221;0&#8243; global_colors_info=&#8221;{}&#8221; theme_builder_area=&#8221;post_content&#8221; sticky_enabled=&#8221;0&#8243;]<\/p>\n<p><iframe loading=\"lazy\" title=\"YouTube video player\" src=\"https:\/\/www.youtube.com\/embed\/8HX2LKg2WGQ?rel=0\" width=\"560\" height=\"315\" frameborder=\"0\" allowfullscreen=\"allowfullscreen\"><\/iframe><\/p>\n<p>[\/et_pb_text][\/et_pb_column][et_pb_column type=&#8221;1_2&#8243; _builder_version=&#8221;4.27.0&#8243; _module_preset=&#8221;default&#8221; global_colors_info=&#8221;{}&#8221; theme_builder_area=&#8221;post_content&#8221;][et_pb_text _builder_version=&#8221;4.27.0&#8243; _module_preset=&#8221;default&#8221; global_colors_info=&#8221;{}&#8221; theme_builder_area=&#8221;post_content&#8221;]<\/p>\n<p>PTH Group oferuje szerok\u0105 gam\u0119 akcesori\u00f3w do <a href=\"https:\/\/pth.2fcom.me\/prodotti\/profili-in-plastica\/profili-in-alluminio-per-led\/\" target=\"_blank\" rel=\"noopener\"><strong>profili aluminiowych<\/strong><\/a>, zaprojektowanych z my\u015bl\u0105 o uzupe\u0142nieniu i optymalizacji Twoich projekt\u00f3w o\u015bwietleniowych. Nasza oferta obejmuje uchwyty i za\u015blepki, kt\u00f3re s\u0105 niezb\u0119dne do zapewnienia maksymalnej funkcjonalno\u015bci i doskona\u0142ego wyko\u0144czenia Twoich profili wyt\u0142aczanych. <\/p>\n<p>[\/et_pb_text][\/et_pb_column][\/et_pb_row][\/et_pb_section][et_pb_section fb_built=&#8221;1&#8243; _builder_version=&#8221;4.27.0&#8243; _module_preset=&#8221;default&#8221; custom_padding=&#8221;0px||0px||false|false&#8221; global_colors_info=&#8221;{}&#8221; collapsed=&#8221;off&#8221;][et_pb_row _builder_version=&#8221;4.25.1&#8243; _module_preset=&#8221;default&#8221; width=&#8221;100%&#8221; custom_padding=&#8221;0px||||false|false&#8221; global_colors_info=&#8221;{}&#8221;][et_pb_column type=&#8221;4_4&#8243; _builder_version=&#8221;4.25.1&#8243; _module_preset=&#8221;default&#8221; global_colors_info=&#8221;{}&#8221;][et_pb_heading title=&#8221;Dost\u0119pne Pr\u00f3bki&#8221; _builder_version=&#8221;4.27.0&#8243; _module_preset=&#8221;default&#8221; title_level=&#8221;h3&#8243; title_font=&#8221;|700|||||||&#8221; global_colors_info=&#8221;{}&#8221;][\/et_pb_heading][et_pb_text _builder_version=&#8221;4.25.2&#8243; _module_preset=&#8221;default&#8221; global_colors_info=&#8221;{}&#8221;]<\/p>\n<p>Aby pom\u00f3c Ci wybra\u0107 rozwi\u0105zanie najlepiej dopasowane do Twoich potrzeb, oferujemy pr\u00f3bki naszych profili na \u017cyczenie. Pozwoli to bezpo\u015brednio oceni\u0107 dost\u0119pne w\u0142a\u015bciwo\u015bci i wyko\u0144czenia, upewniaj\u0105c si\u0119, \u017ce wybierasz idealny profil do swojego projektu. <\/p>\n<p>[\/et_pb_text][et_pb_heading title=&#8221;Uchwyty Monta\u017cowe&#8221; _builder_version=&#8221;4.27.0&#8243; _module_preset=&#8221;default&#8221; title_level=&#8221;h3&#8243; title_font=&#8221;|700|||||||&#8221; custom_margin=&#8221;||||false|false&#8221; global_colors_info=&#8221;{}&#8221;][\/et_pb_heading][et_pb_text _builder_version=&#8221;4.27.0&#8243; _module_preset=&#8221;default&#8221; global_colors_info=&#8221;{}&#8221;]<\/p>\n<p>Nasze uchwyty monta\u017cowe zosta\u0142y zaprojektowane tak, aby zapewni\u0107 stabilno\u015b\u0107 i bezpiecze\u0144stwo podczas instalacji profili aluminiowych. Wykonane z wysokiej jako\u015bci materia\u0142\u00f3w, zapewniaj\u0105 solidny i trwa\u0142y monta\u017c, idealnie dopasowuj\u0105c si\u0119 do r\u00f3\u017cnych typ\u00f3w profili. <\/p>\n<p>[\/et_pb_text][et_pb_heading title=&#8221;Za\u015blepki&#8221; _builder_version=&#8221;4.27.0&#8243; _module_preset=&#8221;default&#8221; title_level=&#8221;h3&#8243; title_font=&#8221;|700|||||||&#8221; global_colors_info=&#8221;{}&#8221;][\/et_pb_heading][et_pb_text _builder_version=&#8221;4.27.0&#8243; _module_preset=&#8221;default&#8221; global_colors_info=&#8221;{}&#8221;]<\/p>\n<p>Za\u015blepki oferowane przez PTH Group s\u0105 idealne do eleganckiego i profesjonalnego wyko\u0144czenia profili. Te akcesoria nie tylko poprawiaj\u0105 estetyk\u0119 produktu ko\u0144cowego, ale tak\u017ce chroni\u0105 profile przed czynnikami zewn\u0119trznymi, zapewniaj\u0105c im wi\u0119ksz\u0105 trwa\u0142o\u015b\u0107. <\/p>\n<p>[\/et_pb_text][et_pb_heading title=&#8221;Jako\u015b\u0107 i Personalizacja&#8221; _builder_version=&#8221;4.27.0&#8243; _module_preset=&#8221;default&#8221; title_level=&#8221;h3&#8243; title_font=&#8221;|700|||||||&#8221; global_colors_info=&#8221;{}&#8221;][\/et_pb_heading][et_pb_text _builder_version=&#8221;4.27.0&#8243; _module_preset=&#8221;default&#8221; global_colors_info=&#8221;{}&#8221;]<\/p>\n<p>Wszystkie nasze akcesoria s\u0105 wykonane z trwa\u0142ych materia\u0142\u00f3w i zaprojektowane tak, aby s\u0142u\u017cy\u0142y przez d\u0142ugi czas, zapewniaj\u0105c jako\u015b\u0107 i niezawodno\u015b\u0107. Pr\u00f3bki s\u0105 dost\u0119pne na \u017cyczenie, aby umo\u017cliwi\u0107 ocen\u0119 ich dopasowania do Twoich specyficznych projekt\u00f3w. <\/p>\n<p>[\/et_pb_text][et_pb_button button_url=&#8221;#catalogo&#8221; button_text=&#8221;Zobacz katalog&#8221; button_alignment=&#8221;left&#8221; _builder_version=&#8221;4.25.2&#8243; _module_preset=&#8221;default&#8221; custom_button=&#8221;on&#8221; button_text_size=&#8221;14px&#8221; button_text_color=&#8221;#000000&#8243; button_bg_color=&#8221;#EBECED&#8221; button_border_width=&#8221;2px&#8221; button_border_color=&#8221;rgba(0,0,0,0.52)&#8221; button_border_radius=&#8221;20px&#8221; button_font=&#8221;|300||on|||||&#8221; button_icon=&#8221;&#x22;||divi||400&#8243; button_icon_color=&#8221;#000000&#8243; button_icon_placement=&#8221;left&#8221; button_on_hover=&#8221;off&#8221; position_origin_a=&#8221;bottom_center&#8221; vertical_offset=&#8221;20px&#8221; global_module=&#8221;284728&#8243; saved_tabs=&#8221;all&#8221; global_colors_info=&#8221;{}&#8221;][\/et_pb_button][\/et_pb_column][\/et_pb_row][\/et_pb_section][et_pb_section fb_built=&#8221;1&#8243; module_id=&#8221;catalogo&#8221; _builder_version=&#8221;4.25.1&#8243; _module_preset=&#8221;default&#8221; custom_padding=&#8221;0px||0px||false|false&#8221; saved_tabs=&#8221;all&#8221; global_colors_info=&#8221;{}&#8221;][et_pb_row _builder_version=&#8221;4.25.1&#8243; _module_preset=&#8221;default&#8221; width=&#8221;100%&#8221; global_colors_info=&#8221;{}&#8221;][et_pb_column type=&#8221;4_4&#8243; _builder_version=&#8221;4.25.1&#8243; _module_preset=&#8221;default&#8221; global_colors_info=&#8221;{}&#8221;][et_pb_heading title=&#8221;@ET-DC@eyJkeW5hbWljIjp0cnVlLCJjb250ZW50IjoiY3VzdG9tX21ldGFfdGl0b2xvX2NhdGFsb2dvX3BhZ2luYV9zaW5nb2xpX3Byb2ZpbGkiLCJzZXR0aW5ncyI6eyJiZWZvcmUiOiIiLCJhZnRlciI6IiIsImVuYWJsZV9odG1sIjoib2ZmIn19@&#8221; _builder_version=&#8221;4.25.1&#8243; _dynamic_attributes=&#8221;title&#8221; _module_preset=&#8221;default&#8221; title_level=&#8221;h2&#8243; title_font=&#8221;|700|||||||&#8221; title_text_align=&#8221;center&#8221; global_colors_info=&#8221;{}&#8221;][\/et_pb_heading][\/et_pb_column][\/et_pb_row][et_pb_row _builder_version=&#8221;4.25.1&#8243; _module_preset=&#8221;default&#8221; width=&#8221;100%&#8221; global_colors_info=&#8221;{}&#8221;][et_pb_column type=&#8221;4_4&#8243; _builder_version=&#8221;4.25.1&#8243; _module_preset=&#8221;default&#8221; global_colors_info=&#8221;{}&#8221;][et_pb_portfolio fullwidth=&#8221;off&#8221; posts_number=&#8221;100&#8243; include_categories=&#8221;45&#8243; _builder_version=&#8221;4.27.0&#8243; _module_preset=&#8221;default&#8221; box_shadow_style_image=&#8221;preset3&#8243; box_shadow_vertical_image=&#8221;5px&#8221; box_shadow_blur_image=&#8221;10px&#8221; global_colors_info=&#8221;{}&#8221;][\/et_pb_portfolio][\/et_pb_column][\/et_pb_row][\/et_pb_section]<\/p>\n","protected":false},"excerpt":{"rendered":"<p>PTH Group oferuje szerok\u0105 gam\u0119 akcesori\u00f3w do profili aluminiowych, zaprojektowanych z my\u015bl\u0105 o uzupe\u0142nieniu i optymalizacji Twoich projekt\u00f3w o\u015bwietleniowych. Nasza oferta obejmuje uchwyty i za\u015blepki, kt\u00f3re s\u0105 niezb\u0119dne do zapewnienia maksymalnej funkcjonalno\u015bci i doskona\u0142ego wyko\u0144czenia Twoich profili wyt\u0142aczanych. Aby pom\u00f3c Ci wybra\u0107 rozwi\u0105zanie najlepiej dopasowane do Twoich potrzeb, oferujemy pr\u00f3bki naszych profili na \u017cyczenie. Pozwoli to bezpo\u015brednio oceni\u0107 dost\u0119pne w\u0142a\u015bciwo\u015bci i wyko\u0144czenia, upewniaj\u0105c si\u0119, \u017ce wybierasz idealny profil do swojego projektu. Nasze uchwyty monta\u017cowe zosta\u0142y zaprojektowane tak, aby zapewni\u0107 stabilno\u015b\u0107 i bezpiecze\u0144stwo podczas instalacji profili aluminiowych. Wykonane z wysokiej jako\u015bci materia\u0142\u00f3w, zapewniaj\u0105 solidny i trwa\u0142y monta\u017c, idealnie dopasowuj\u0105c si\u0119 do r\u00f3\u017cnych typ\u00f3w profili. Za\u015blepki oferowane przez PTH Group s\u0105 idealne do eleganckiego i profesjonalnego wyko\u0144czenia profili. Te akcesoria nie tylko poprawiaj\u0105 estetyk\u0119 produktu ko\u0144cowego, ale tak\u017ce chroni\u0105 profile przed czynnikami zewn\u0119trznymi, zapewniaj\u0105c im wi\u0119ksz\u0105 trwa\u0142o\u015b\u0107. Wszystkie nasze akcesoria s\u0105 wykonane z trwa\u0142ych materia\u0142\u00f3w i zaprojektowane tak, aby s\u0142u\u017cy\u0142y przez d\u0142ugi czas, zapewniaj\u0105c jako\u015b\u0107 i niezawodno\u015b\u0107. Pr\u00f3bki s\u0105 dost\u0119pne na \u017cyczenie, aby umo\u017cliwi\u0107 ocen\u0119 ich dopasowania do Twoich specyficznych projekt\u00f3w.<\/p>\n","protected":false},"author":1,"featured_media":0,"parent":306030,"menu_order":0,"comment_status":"closed","ping_status":"closed","template":"","meta":{"_acf_changed":false,"_et_pb_use_builder":"on","_et_pb_old_content":"","_et_gb_content_width":"","footnotes":""},"difl_page_category":[],"class_list":["post-306373","page","type-page","status-publish","hentry"],"acf":[],"_links":{"self":[{"href":"https:\/\/pth.2fcom.me\/pl\/wp-json\/wp\/v2\/pages\/306373","targetHints":{"allow":["GET"]}}],"collection":[{"href":"https:\/\/pth.2fcom.me\/pl\/wp-json\/wp\/v2\/pages"}],"about":[{"href":"https:\/\/pth.2fcom.me\/pl\/wp-json\/wp\/v2\/types\/page"}],"author":[{"embeddable":true,"href":"https:\/\/pth.2fcom.me\/pl\/wp-json\/wp\/v2\/users\/1"}],"replies":[{"embeddable":true,"href":"https:\/\/pth.2fcom.me\/pl\/wp-json\/wp\/v2\/comments?post=306373"}],"version-history":[{"count":2,"href":"https:\/\/pth.2fcom.me\/pl\/wp-json\/wp\/v2\/pages\/306373\/revisions"}],"predecessor-version":[{"id":306375,"href":"https:\/\/pth.2fcom.me\/pl\/wp-json\/wp\/v2\/pages\/306373\/revisions\/306375"}],"up":[{"embeddable":true,"href":"https:\/\/pth.2fcom.me\/pl\/wp-json\/wp\/v2\/pages\/306030"}],"wp:attachment":[{"href":"https:\/\/pth.2fcom.me\/pl\/wp-json\/wp\/v2\/media?parent=306373"}],"wp:term":[{"taxonomy":"difl_page_category","embeddable":true,"href":"https:\/\/pth.2fcom.me\/pl\/wp-json\/wp\/v2\/difl_page_category?post=306373"}],"curies":[{"name":"wp","href":"https:\/\/api.w.org\/{rel}","templated":true}]}}