{"id":306573,"date":"2024-05-21T08:33:41","date_gmt":"2024-05-21T08:33:41","guid":{"rendered":"https:\/\/pth.2fcom.me\/produits\/profiles-en-plastique\/profiles-en-pmma-et-en-polycarbonate\/"},"modified":"2024-09-29T07:58:32","modified_gmt":"2024-09-29T07:58:32","slug":"profiles-en-pmma-et-en-polycarbonate","status":"publish","type":"page","link":"https:\/\/pth.2fcom.me\/fr\/produits\/profiles-en-plastique\/profiles-en-pmma-et-en-polycarbonate\/","title":{"rendered":"Profil\u00e9s en PMMA et en polycarbonate"},"content":{"rendered":"<p>[et_pb_section fb_built=\u00a0\u00bb1&Prime; _builder_version=\u00a0\u00bb4.25.1&Prime; _module_preset=\u00a0\u00bbdefault\u00a0\u00bb custom_padding=\u00a0\u00bb0px||0px||false|false\u00a0\u00bb global_colors_info=\u00a0\u00bb{}\u00a0\u00bb][et_pb_row _builder_version=\u00a0\u00bb4.25.1&Prime; _module_preset=\u00a0\u00bbdefault\u00a0\u00bb width=\u00a0\u00bb100%\u00a0\u00bb custom_padding=\u00a0\u00bb0px||||false|false\u00a0\u00bb global_colors_info=\u00a0\u00bb{}\u00a0\u00bb][et_pb_column type=\u00a0\u00bb4_4&Prime; _builder_version=\u00a0\u00bb4.25.1&Prime; _module_preset=\u00a0\u00bbdefault\u00a0\u00bb global_colors_info=\u00a0\u00bb{}\u00a0\u00bb][et_pb_text _builder_version=\u00a0\u00bb4.27.0&Prime; _module_preset=\u00a0\u00bbdefault\u00a0\u00bb global_colors_info=\u00a0\u00bb{}\u00a0\u00bb]<\/p>\n<p>PTH GROUP extrude des profil\u00e9s en POLYCARBONATE et en PMMA (polym\u00e9thacrylate de m\u00e9thyle), offrant une vari\u00e9t\u00e9 de finitions qui r\u00e9pondent aux diverses exigences esth\u00e9tiques et fonctionnelles <strong>demand\u00e9es par le march\u00e9 mondial<\/strong>. Gr\u00e2ce \u00e0 notre technologie avanc\u00e9e et \u00e0 notre capacit\u00e9 de personnalisation, nous sommes en mesure de fournir des profil\u00e9s avec des surfaces sp\u00e9cifiques, garantissant une haute qualit\u00e9 et des performances excellentes pour chaque application. <\/p>\n<p>[\/et_pb_text][et_pb_heading title=\u00a0\u00bb\u00c9chantillons Disponibles\u00a0\u00bb _builder_version=\u00a0\u00bb4.25.2&Prime; _module_preset=\u00a0\u00bbdefault\u00a0\u00bb title_level=\u00a0\u00bbh3&Prime; title_font=\u00a0\u00bb|700|||||||\u00a0\u00bb global_colors_info=\u00a0\u00bb{}\u00a0\u00bb][\/et_pb_heading][et_pb_text _builder_version=\u00a0\u00bb4.25.2&Prime; _module_preset=\u00a0\u00bbdefault\u00a0\u00bb global_colors_info=\u00a0\u00bb{}\u00a0\u00bb]<\/p>\n<p><span>Pour vous aider \u00e0 choisir la solution la plus adapt\u00e9e \u00e0 vos besoins, nous proposons des \u00e9chantillons de nos profil\u00e9s sur demande. Cela vous permettra d&rsquo;\u00e9valuer directement les caract\u00e9ristiques et les finitions disponibles, en vous assurant de choisir le profil\u00e9 parfait pour votre projet. <\/span><\/p>\n<p>[\/et_pb_text][et_pb_heading title=\u00a0\u00bbApplications Typiques\u00a0\u00bb _builder_version=\u00a0\u00bb4.25.2&Prime; _module_preset=\u00a0\u00bbdefault\u00a0\u00bb title_level=\u00a0\u00bbh3&Prime; title_font=\u00a0\u00bb|700|||||||\u00a0\u00bb global_colors_info=\u00a0\u00bb{}\u00a0\u00bb][\/et_pb_heading][et_pb_text _builder_version=\u00a0\u00bb4.27.0&Prime; _module_preset=\u00a0\u00bbdefault\u00a0\u00bb global_colors_info=\u00a0\u00bb{}\u00a0\u00bb]<\/p>\n<p>Les profil\u00e9s en PMMA et en polycarbonate de PTH Group sont utilis\u00e9s dans une large gamme de secteurs, notamment :<\/p>\n<ul>\n<li><strong>\u00c9clairage<\/strong> Couvercles pour lampes, diffuseurs de lumi\u00e8re et composants pour luminaires.<\/li>\n<li><strong>Design Industriel <\/strong> \u00c9l\u00e9ments structurels et d\u00e9coratifs pour meubles, pr\u00e9sentoirs et stands d&rsquo;exposition.<\/li>\n<li><strong>Architecture<\/strong> Fa\u00e7ades, cloisons et solutions de design pour int\u00e9rieurs et ext\u00e9rieurs.<\/li>\n<\/ul>\n<p>[\/et_pb_text][et_pb_button button_url=\u00a0\u00bb#catalogo\u00a0\u00bb button_text=\u00a0\u00bbVoir le catalogue\u00a0\u00bb button_alignment=\u00a0\u00bbleft\u00a0\u00bb _builder_version=\u00a0\u00bb4.25.1&Prime; _module_preset=\u00a0\u00bbdefault\u00a0\u00bb custom_button=\u00a0\u00bbon\u00a0\u00bb button_text_size=\u00a0\u00bb14px\u00a0\u00bb button_text_color=\u00a0\u00bb#000000&Prime; button_bg_color=\u00a0\u00bb#EBECED\u00a0\u00bb button_border_width=\u00a0\u00bb2px\u00a0\u00bb button_border_color=\u00a0\u00bbrgba(0,0,0,0.52)\u00a0\u00bb button_border_radius=\u00a0\u00bb20px\u00a0\u00bb button_font=\u00a0\u00bb|300||on|||||\u00a0\u00bb button_icon=\u00a0\u00bb&#x22;||divi||400&Prime; button_icon_color=\u00a0\u00bb#000000&Prime; button_icon_placement=\u00a0\u00bbleft\u00a0\u00bb button_on_hover=\u00a0\u00bboff\u00a0\u00bb position_origin_a=\u00a0\u00bbbottom_center\u00a0\u00bb vertical_offset=\u00a0\u00bb20px\u00a0\u00bb global_colors_info=\u00a0\u00bb{}\u00a0\u00bb][\/et_pb_button][\/et_pb_column][\/et_pb_row][\/et_pb_section][et_pb_section fb_built=\u00a0\u00bb1&Prime; _builder_version=\u00a0\u00bb4.25.1&Prime; _module_preset=\u00a0\u00bbdefault\u00a0\u00bb global_colors_info=\u00a0\u00bb{}\u00a0\u00bb][et_pb_row _builder_version=\u00a0\u00bb4.25.1&Prime; _module_preset=\u00a0\u00bbdefault\u00a0\u00bb width=\u00a0\u00bb100%\u00a0\u00bb global_colors_info=\u00a0\u00bb{}\u00a0\u00bb][et_pb_column type=\u00a0\u00bb4_4&Prime; _builder_version=\u00a0\u00bb4.25.1&Prime; _module_preset=\u00a0\u00bbdefault\u00a0\u00bb global_colors_info=\u00a0\u00bb{}\u00a0\u00bb][et_pb_heading title=\u00a0\u00bbSurfaces Disponibles pour les Profil\u00e9s en PMMA et en Polycarbonate\u00a0\u00bb _builder_version=\u00a0\u00bb4.25.1&Prime; _module_preset=\u00a0\u00bbdefault\u00a0\u00bb title_level=\u00a0\u00bbh2&Prime; title_font=\u00a0\u00bb|700|||||||\u00a0\u00bb title_text_align=\u00a0\u00bbcenter\u00a0\u00bb global_colors_info=\u00a0\u00bb{}\u00a0\u00bb][\/et_pb_heading][difl_iconlist list_view_type=\u00a0\u00bbinline\u00a0\u00bb list_item_content_max_width=\u00a0\u00bb100%\u00a0\u00bb list_item_per_column_tablet=\u00a0\u00bb1&Prime; list_item_per_column_phone=\u00a0\u00bb1&Prime; list_item_per_column_last_edited=\u00a0\u00bbon|phone\u00a0\u00bb _builder_version=\u00a0\u00bb4.27.0&Prime; _module_preset=\u00a0\u00bbdefault\u00a0\u00bb global_colors_info=\u00a0\u00bb{}\u00a0\u00bb][difl_iconlistitem list_item_title=\u00a0\u00bbTransparent\u00a0\u00bb _builder_version=\u00a0\u00bb4.27.0&Prime; global_colors_info=\u00a0\u00bb{}\u00a0\u00bb]<\/p>\n<p><span>Parfait pour les applications n\u00e9cessitant une transparence et une visibilit\u00e9 maximales.<\/span><\/p>\n<p>[\/difl_iconlistitem][difl_iconlistitem list_item_title=\u00a0\u00bbOpale\u00a0\u00bb _builder_version=\u00a0\u00bb4.25.1&Prime; global_colors_info=\u00a0\u00bb{}\u00a0\u00bb]<\/p>\n<p><span>Id\u00e9al pour diffuser uniform\u00e9ment la lumi\u00e8re, r\u00e9duire l&rsquo;\u00e9blouissement et cr\u00e9er un \u00e9clairage doux et agr\u00e9able.<\/span><\/p>\n<p>[\/difl_iconlistitem][difl_iconlistitem list_item_title=\u00a0\u00bbSatin\u00e9\u00a0\u00bb _builder_version=\u00a0\u00bb4.25.1&Prime; global_colors_info=\u00a0\u00bb{}\u00a0\u00bb]<\/p>\n<p><span>Offre une finition \u00e9l\u00e9gante et moderne, combinant transparence et opacit\u00e9 pour un effet visuel unique.<\/span><\/p>\n<p>[\/difl_iconlistitem][difl_iconlistitem list_item_title=\u00a0\u00bbColor\u00e9\u00a0\u00bb admin_label=\u00a0\u00bbList item\u00a0\u00bb _builder_version=\u00a0\u00bb4.25.1&Prime; _module_preset=\u00a0\u00bbdefault\u00a0\u00bb global_colors_info=\u00a0\u00bb{}\u00a0\u00bb]<\/p>\n<p><span>Disponible dans une large gamme de couleurs pour r\u00e9pondre aux besoins esth\u00e9tiques sp\u00e9cifiques de vos projets.<\/span><\/p>\n<p>[\/difl_iconlistitem][difl_iconlistitem list_item_title=\u00a0\u00bbCoextrud\u00e9\u00a0\u00bb admin_label=\u00a0\u00bbList item\u00a0\u00bb _builder_version=\u00a0\u00bb4.25.1&Prime; _module_preset=\u00a0\u00bbdefault\u00a0\u00bb global_colors_info=\u00a0\u00bb{}\u00a0\u00bb]<\/p>\n<p><span>Fournit une combinaison de mat\u00e9riaux diff\u00e9rents en un seul profil, offrant des propri\u00e9t\u00e9s uniques comme une r\u00e9sistance suppl\u00e9mentaire ou des effets esth\u00e9tiques sp\u00e9ciaux.<\/span><\/p>\n<p>[\/difl_iconlistitem][difl_iconlistitem list_item_title=\u00a0\u00bbBlack &amp; White\u00a0\u00bb admin_label=\u00a0\u00bbList item\u00a0\u00bb _builder_version=\u00a0\u00bb4.25.1&Prime; _module_preset=\u00a0\u00bbdefault\u00a0\u00bb global_colors_info=\u00a0\u00bb{}\u00a0\u00bb]<\/p>\n<p><span> Id\u00e9al pour les applications de design contemporain, o\u00f9 des contrastes nets et marqu\u00e9s sont n\u00e9cessaires.<\/span><\/p>\n<p>[\/difl_iconlistitem][\/difl_iconlist][\/et_pb_column][\/et_pb_row][\/et_pb_section][et_pb_section fb_built=\u00a0\u00bb1&Prime; module_id=\u00a0\u00bbcatalogo\u00a0\u00bb _builder_version=\u00a0\u00bb4.25.1&Prime; _module_preset=\u00a0\u00bbdefault\u00a0\u00bb custom_padding=\u00a0\u00bb0px||0px||false|false\u00a0\u00bb saved_tabs=\u00a0\u00bball\u00a0\u00bb global_colors_info=\u00a0\u00bb{}\u00a0\u00bb][et_pb_row _builder_version=\u00a0\u00bb4.25.1&Prime; _module_preset=\u00a0\u00bbdefault\u00a0\u00bb width=\u00a0\u00bb100%\u00a0\u00bb global_colors_info=\u00a0\u00bb{}\u00a0\u00bb][et_pb_column type=\u00a0\u00bb4_4&Prime; _builder_version=\u00a0\u00bb4.25.1&Prime; _module_preset=\u00a0\u00bbdefault\u00a0\u00bb global_colors_info=\u00a0\u00bb{}\u00a0\u00bb][et_pb_heading title=\u00a0\u00bb@ET-DC@eyJkeW5hbWljIjp0cnVlLCJjb250ZW50IjoiY3VzdG9tX21ldGFfdGl0b2xvX2NhdGFsb2dvX3BhZ2luYV9zaW5nb2xpX3Byb2ZpbGkiLCJzZXR0aW5ncyI6eyJiZWZvcmUiOiIiLCJhZnRlciI6IiIsImVuYWJsZV9odG1sIjoib2ZmIn19@\u00a0\u00bb _builder_version=\u00a0\u00bb4.25.1&Prime; _dynamic_attributes=\u00a0\u00bbtitle\u00a0\u00bb _module_preset=\u00a0\u00bbdefault\u00a0\u00bb title_level=\u00a0\u00bbh2&Prime; title_font=\u00a0\u00bb|700|||||||\u00a0\u00bb title_text_align=\u00a0\u00bbcenter\u00a0\u00bb global_colors_info=\u00a0\u00bb{}\u00a0\u00bb][\/et_pb_heading][\/et_pb_column][\/et_pb_row][et_pb_row _builder_version=\u00a0\u00bb4.25.1&Prime; _module_preset=\u00a0\u00bbdefault\u00a0\u00bb width=\u00a0\u00bb100%\u00a0\u00bb global_colors_info=\u00a0\u00bb{}\u00a0\u00bb][et_pb_column type=\u00a0\u00bb4_4&Prime; _builder_version=\u00a0\u00bb4.25.1&Prime; _module_preset=\u00a0\u00bbdefault\u00a0\u00bb global_colors_info=\u00a0\u00bb{}\u00a0\u00bb][et_pb_filterable_portfolio fullwidth=\u00a0\u00bboff\u00a0\u00bb posts_number=\u00a0\u00bb200&Prime; include_categories=\u00a0\u00bb22,24,25,26,27,28,29,30,31,32,33,35&Prime; _builder_version=\u00a0\u00bb4.27.0&Prime; _module_preset=\u00a0\u00bbdefault\u00a0\u00bb title_text_align=\u00a0\u00bbleft\u00a0\u00bb caption_font=\u00a0\u00bb||||||||\u00a0\u00bb caption_text_color=\u00a0\u00bb#666666&Prime; hover_enabled=\u00a0\u00bb0&Prime; box_shadow_style_image=\u00a0\u00bbpreset3&Prime; box_shadow_vertical_image=\u00a0\u00bb5px\u00a0\u00bb box_shadow_blur_image=\u00a0\u00bb10px\u00a0\u00bb global_colors_info=\u00a0\u00bb{}\u00a0\u00bb sticky_enabled=\u00a0\u00bb0&Prime;][\/et_pb_filterable_portfolio][\/et_pb_column][\/et_pb_row][\/et_pb_section]<\/p>\n","protected":false},"excerpt":{"rendered":"<p>PTH GROUP extrude des profil\u00e9s en POLYCARBONATE et en PMMA (polym\u00e9thacrylate de m\u00e9thyle), offrant une vari\u00e9t\u00e9 de finitions qui r\u00e9pondent aux diverses exigences esth\u00e9tiques et fonctionnelles demand\u00e9es par le march\u00e9 mondial. Gr\u00e2ce \u00e0 notre technologie avanc\u00e9e et \u00e0 notre capacit\u00e9 de personnalisation, nous sommes en mesure de fournir des profil\u00e9s avec des surfaces sp\u00e9cifiques, garantissant une haute qualit\u00e9 et des performances excellentes pour chaque application. Pour vous aider \u00e0 choisir la solution la plus adapt\u00e9e \u00e0 vos besoins, nous proposons des \u00e9chantillons de nos profil\u00e9s sur demande. Cela vous permettra d&rsquo;\u00e9valuer directement les caract\u00e9ristiques et les finitions disponibles, en vous assurant de choisir le profil\u00e9 parfait pour votre projet. Les profil\u00e9s en PMMA et en polycarbonate de PTH Group sont utilis\u00e9s dans une large gamme de secteurs, notamment : \u00c9clairage Couvercles pour lampes, diffuseurs de lumi\u00e8re et composants pour luminaires. Design Industriel \u00c9l\u00e9ments structurels et d\u00e9coratifs pour meubles, pr\u00e9sentoirs et stands d&rsquo;exposition. Architecture Fa\u00e7ades, cloisons et solutions de design pour int\u00e9rieurs et ext\u00e9rieurs. <div class=\"et_pb_module difl_iconlist difl_iconlist_0\">\n\t\t\t\t\n\t\t\t\t\n\t\t\t\t\n\t\t\t\t\n\t\t\t\t\n\t\t\t\t\n\t\t\t\t<div class=\"et_pb_module_inner\">\n\t\t\t\t\t<div class=\"difl_iconlist_notice\">Add one or more list items.<\/div>\n\t\t\t\t<\/div>\n\t\t\t<\/div><li class=\"et_pb_module difl_iconlistitem difl_iconlistitem_0\">\r\n\t\t\t\t\r\n\t\t\t\t\r\n\t\t\t\t\r\n\t\t\t\t\r\n\t\t\t\t\r\n\t\t\t\t\r\n\t\t\t\t<div class=\"et_pb_module_inner\">\r\n\t\t\t\t\t<span class=\"item-elements et_pb_with_background\">\r\n                    <span class=\"item-elements-group\"><span class=\"difl_icon_item_container\"><span class=\"difl_icon_item_icon_wrapper\"><span class=\"icon-element\"><span class=\"et-pb-icon difl_list_icon\">N<\/span><\/span><\/span> <span class=\"difl_icon_item_content_wrapper\"><h4 class=\"difl_icon_item_header et_pb_with_background\"><span>Transparent<\/span><\/h4><span class=\"difl_icon_item_body et_pb_with_background\">Parfait pour les applications n\u00e9cessitant une transparence et une visibilit\u00e9 maximales.<\/span><\/span><\/span><\/span>\r\n                    <span class=\"item-tooltip-data\" style=\"display:none\"><\/span>\r\n                <\/span>\r\n\t\t\t\t<\/div>\r\n\t\t\t<\/li><li class=\"et_pb_module difl_iconlistitem difl_iconlistitem_1\">\r\n\t\t\t\t\r\n\t\t\t\t\r\n\t\t\t\t\r\n\t\t\t\t\r\n\t\t\t\t\r\n\t\t\t\t\r\n\t\t\t\t<div class=\"et_pb_module_inner\">\r\n\t\t\t\t\t<span class=\"item-elements et_pb_with_background\">\r\n                    <span class=\"item-elements-group\"><span class=\"difl_icon_item_container\"><span class=\"difl_icon_item_icon_wrapper\"><span class=\"icon-element\"><span class=\"et-pb-icon difl_list_icon\">N<\/span><\/span><\/span> <span class=\"difl_icon_item_content_wrapper\"><h4 class=\"difl_icon_item_header et_pb_with_background\"><span>Opale<\/span><\/h4><\/span><\/span><\/span>\r\n                    <span class=\"item-tooltip-data\" style=\"display:none\"><\/span>\r\n                <\/span>\r\n\t\t\t\t<\/div>\r\n\t\t\t<\/li>Id\u00e9al pour diffuser uniform\u00e9ment la lumi\u00e8re, r\u00e9duire l&rsquo;\u00e9blouissement et cr\u00e9er un \u00e9clairage doux [&hellip;]<\/p>\n","protected":false},"author":1,"featured_media":0,"parent":305931,"menu_order":0,"comment_status":"closed","ping_status":"closed","template":"","meta":{"_acf_changed":false,"_et_pb_use_builder":"on","_et_pb_old_content":"","_et_gb_content_width":"","footnotes":""},"difl_page_category":[],"class_list":["post-306573","page","type-page","status-publish","hentry"],"acf":[],"_links":{"self":[{"href":"https:\/\/pth.2fcom.me\/fr\/wp-json\/wp\/v2\/pages\/306573","targetHints":{"allow":["GET"]}}],"collection":[{"href":"https:\/\/pth.2fcom.me\/fr\/wp-json\/wp\/v2\/pages"}],"about":[{"href":"https:\/\/pth.2fcom.me\/fr\/wp-json\/wp\/v2\/types\/page"}],"author":[{"embeddable":true,"href":"https:\/\/pth.2fcom.me\/fr\/wp-json\/wp\/v2\/users\/1"}],"replies":[{"embeddable":true,"href":"https:\/\/pth.2fcom.me\/fr\/wp-json\/wp\/v2\/comments?post=306573"}],"version-history":[{"count":4,"href":"https:\/\/pth.2fcom.me\/fr\/wp-json\/wp\/v2\/pages\/306573\/revisions"}],"predecessor-version":[{"id":308340,"href":"https:\/\/pth.2fcom.me\/fr\/wp-json\/wp\/v2\/pages\/306573\/revisions\/308340"}],"up":[{"embeddable":true,"href":"https:\/\/pth.2fcom.me\/fr\/wp-json\/wp\/v2\/pages\/305931"}],"wp:attachment":[{"href":"https:\/\/pth.2fcom.me\/fr\/wp-json\/wp\/v2\/media?parent=306573"}],"wp:term":[{"taxonomy":"difl_page_category","embeddable":true,"href":"https:\/\/pth.2fcom.me\/fr\/wp-json\/wp\/v2\/difl_page_category?post=306573"}],"curies":[{"name":"wp","href":"https:\/\/api.w.org\/{rel}","templated":true}]}}