{"id":308359,"date":"2024-05-21T08:32:43","date_gmt":"2024-05-21T08:32:43","guid":{"rendered":"https:\/\/pth.2fcom.me\/productos\/perfiles-de-plastico\/perfiles-de-seccion-cerrada\/"},"modified":"2024-09-29T08:14:35","modified_gmt":"2024-09-29T08:14:35","slug":"perfiles-de-seccion-cerrada","status":"publish","type":"page","link":"https:\/\/pth.2fcom.me\/es\/productos\/perfiles-de-plastico\/perfiles-de-seccion-cerrada\/","title":{"rendered":"Perfiles de Secci\u00f3n Cerrada"},"content":{"rendered":"<p>[et_pb_section fb_built=\u00bb1&#8243; _builder_version=\u00bb4.25.2&#8243; _module_preset=\u00bbdefault\u00bb custom_padding=\u00bb0px||0px||false|false\u00bb global_colors_info=\u00bb{}\u00bb theme_builder_area=\u00bbpost_content\u00bb][et_pb_row _builder_version=\u00bb4.25.1&#8243; _module_preset=\u00bbdefault\u00bb width=\u00bb100%\u00bb custom_padding=\u00bb0px||||false|false\u00bb global_colors_info=\u00bb{}\u00bb theme_builder_area=\u00bbpost_content\u00bb][et_pb_column type=\u00bb4_4&#8243; _builder_version=\u00bb4.25.1&#8243; _module_preset=\u00bbdefault\u00bb global_colors_info=\u00bb{}\u00bb theme_builder_area=\u00bbpost_content\u00bb][et_pb_text _builder_version=\u00bb4.25.2&#8243; _module_preset=\u00bbdefault\u00bb global_colors_info=\u00bb{}\u00bb theme_builder_area=\u00bbpost_content\u00bb]<\/p>\n<p>Perfiles de Secci\u00f3n Cerrada en Policarbonato (PC) y Polimetacrilato de Metilo (PMMA) son elementos extruidos dise\u00f1ados para varias aplicaciones arquitect\u00f3nicas e industriales. Estos perfiles ofrecen alta resistencia mec\u00e1nica, transparencia y durabilidad. Disponibles en diferentes acabados superficiales, pueden adaptarse a numerosas necesidades est\u00e9ticas y funcionales. Las muestras est\u00e1n disponibles bajo solicitud para evaluaciones espec\u00edficas.   <\/p>\n<p>[\/et_pb_text][et_pb_heading title=\u00bbMuestras Disponibles\u00bb _builder_version=\u00bb4.25.2&#8243; _module_preset=\u00bbdefault\u00bb title_level=\u00bbh3&#8243; title_font=\u00bb|700|||||||\u00bb global_colors_info=\u00bb{}\u00bb theme_builder_area=\u00bbpost_content\u00bb][\/et_pb_heading][et_pb_text _builder_version=\u00bb4.25.2&#8243; _module_preset=\u00bbdefault\u00bb global_colors_info=\u00bb{}\u00bb theme_builder_area=\u00bbpost_content\u00bb]<\/p>\n<p>Para ayudarte a elegir la soluci\u00f3n que mejor se adapte a tus necesidades, ofrecemos muestras de nuestros perfiles bajo solicitud. Esto te permitir\u00e1 evaluar directamente las caracter\u00edsticas y acabados disponibles, asegur\u00e1ndote de seleccionar el perfil perfecto para tu proyecto. <\/p>\n<p>[\/et_pb_text][et_pb_heading title=\u00bbAplicaciones T\u00edpicas\u00bb _builder_version=\u00bb4.25.2&#8243; _module_preset=\u00bbdefault\u00bb title_level=\u00bbh3&#8243; title_font=\u00bb|700|||||||\u00bb global_colors_info=\u00bb{}\u00bb theme_builder_area=\u00bbpost_content\u00bb][\/et_pb_heading][et_pb_text _builder_version=\u00bb4.27.0&#8243; _module_preset=\u00bbdefault\u00bb global_colors_info=\u00bb{}\u00bb theme_builder_area=\u00bbpost_content\u00bb]<\/p>\n<p>Los perfiles de secci\u00f3n cerrada de PTH Group se utilizan en una amplia gama de sectores, entre ellos:<\/p>\n<ul>\n<li><strong>Construcci\u00f3n y Arquitectura <\/strong> <span style=\"font-size: 16px;\">Estructuras de cubiertas: utilizados para cubiertas transparentes o semitransparentes en edificios comerciales y residenciales.<\/span><\/li>\n<li><strong>Iluminaci\u00f3n <\/strong> <span style=\"font-size: 16px;\">Difusores de luz: utilizados en sistemas de iluminaci\u00f3n para una difusi\u00f3n uniforme de la luz, mejorando la eficiencia y el confort visual. <\/span><\/li>\n<li><strong>Sector Agr\u00edcola<\/strong> <span style=\"font-size: 16px;\">Invernaderos: utilizados para cubiertas de invernaderos, ofreciendo transparencia y protecci\u00f3n contra los elementos. <\/span><\/li>\n<\/ul>\n<p>[\/et_pb_text][et_pb_heading title=\u00bbCaracter\u00edsticas Adicionales\u00bb _builder_version=\u00bb4.25.2&#8243; _module_preset=\u00bbdefault\u00bb title_level=\u00bbh3&#8243; title_font=\u00bb|700|||||||\u00bb global_colors_info=\u00bb{}\u00bb theme_builder_area=\u00bbpost_content\u00bb][\/et_pb_heading][et_pb_text _builder_version=\u00bb4.25.2&#8243; _module_preset=\u00bbdefault\u00bb global_colors_info=\u00bb{}\u00bb theme_builder_area=\u00bbpost_content\u00bb]<\/p>\n<ul>\n<li><strong>Resistencia a los Impactos<\/strong> El policarbonato es conocido por su alta resistencia a los impactos, lo que hace que estos perfiles sean ideales para aplicaciones donde la seguridad es una prioridad.<\/li>\n<li><strong>Versatilidad <\/strong> Adecuados para una amplia gama de aplicaciones tanto en interiores como en exteriores, gracias a la resistencia a los elementos y a las variaciones de temperatura.<\/li>\n<\/ul>\n<p>[\/et_pb_text][et_pb_button button_url=\u00bb#catalogo\u00bb button_text=\u00bbVer el cat\u00e1logo\u00bb button_alignment=\u00bbleft\u00bb _builder_version=\u00bb4.25.2&#8243; _module_preset=\u00bbdefault\u00bb custom_button=\u00bbon\u00bb button_text_size=\u00bb14px\u00bb button_text_color=\u00bb#000000&#8243; button_bg_color=\u00bb#EBECED\u00bb button_border_width=\u00bb2px\u00bb button_border_color=\u00bbrgba(0,0,0,0.52)\u00bb button_border_radius=\u00bb20px\u00bb button_font=\u00bb|300||on|||||\u00bb button_icon=\u00bb&#x22;||divi||400&#8243; button_icon_color=\u00bb#000000&#8243; button_icon_placement=\u00bbleft\u00bb button_on_hover=\u00bboff\u00bb position_origin_a=\u00bbbottom_center\u00bb vertical_offset=\u00bb20px\u00bb global_module=\u00bb284728&#8243; saved_tabs=\u00bball\u00bb global_colors_info=\u00bb{}\u00bb theme_builder_area=\u00bbpost_content\u00bb][\/et_pb_button][\/et_pb_column][\/et_pb_row][\/et_pb_section][et_pb_section fb_built=\u00bb1&#8243; _builder_version=\u00bb4.25.1&#8243; _module_preset=\u00bbdefault\u00bb global_colors_info=\u00bb{}\u00bb theme_builder_area=\u00bbpost_content\u00bb][et_pb_row _builder_version=\u00bb4.25.1&#8243; _module_preset=\u00bbdefault\u00bb width=\u00bb100%\u00bb global_colors_info=\u00bb{}\u00bb theme_builder_area=\u00bbpost_content\u00bb][et_pb_column type=\u00bb4_4&#8243; _builder_version=\u00bb4.25.1&#8243; _module_preset=\u00bbdefault\u00bb global_colors_info=\u00bb{}\u00bb theme_builder_area=\u00bbpost_content\u00bb][et_pb_heading title=\u00bbSuperficies Disponibles para Perfiles de Secci\u00f3n Cerrada\u00bb _builder_version=\u00bb4.27.0&#8243; _module_preset=\u00bbdefault\u00bb title_level=\u00bbh2&#8243; title_font=\u00bb|700|||||||\u00bb title_text_align=\u00bbcenter\u00bb global_colors_info=\u00bb{}\u00bb theme_builder_area=\u00bbpost_content\u00bb][\/et_pb_heading][difl_iconlist list_view_type=\u00bbinline\u00bb list_item_content_max_width=\u00bb100%\u00bb _builder_version=\u00bb4.27.0&#8243; _module_preset=\u00bbdefault\u00bb hover_enabled=\u00bb0&#8243; global_colors_info=\u00bb{}\u00bb theme_builder_area=\u00bbpost_content\u00bb list_item_per_column_last_edited=\u00bbon|phone\u00bb sticky_enabled=\u00bb0&#8243; list_item_per_column_tablet=\u00bb1&#8243; list_item_per_column_phone=\u00bb1&#8243;][difl_iconlistitem list_item_title=\u00bbTransparente\u00bb _builder_version=\u00bb4.25.1&#8243; global_colors_info=\u00bb{}\u00bb theme_builder_area=\u00bbpost_content\u00bb]<\/p>\n<p><span>Perfecto para aplicaciones que requieren la m\u00e1xima transparencia y visibilidad, como cubiertas de iluminaci\u00f3n y pantallas.<\/span><\/p>\n<p>[\/difl_iconlistitem][difl_iconlistitem list_item_title=\u00bbOpal\u00bb _builder_version=\u00bb4.25.1&#8243; global_colors_info=\u00bb{}\u00bb theme_builder_area=\u00bbpost_content\u00bb]<\/p>\n<p><span>Ideal para difundir uniformemente la luz, reduciendo el deslumbramiento y creando una iluminaci\u00f3n suave y agradable.<\/span><\/p>\n<p>[\/difl_iconlistitem][difl_iconlistitem list_item_title=\u00bbSatinado\u00bb _builder_version=\u00bb4.25.1&#8243; global_colors_info=\u00bb{}\u00bb theme_builder_area=\u00bbpost_content\u00bb]<\/p>\n<p><span>Ofrece un acabado elegante y moderno, que combina transparencia y opacidad para un efecto visual \u00fanico.<\/span><\/p>\n<p>[\/difl_iconlistitem][difl_iconlistitem list_item_title=\u00bbColoreado\u00bb admin_label=\u00bbList item\u00bb _builder_version=\u00bb4.25.1&#8243; _module_preset=\u00bbdefault\u00bb global_colors_info=\u00bb{}\u00bb theme_builder_area=\u00bbpost_content\u00bb]<\/p>\n<p><span>Disponible en una amplia gama de colores para adaptarse a las necesidades est\u00e9ticas espec\u00edficas de tus proyectos.<\/span><\/p>\n<p>[\/difl_iconlistitem][difl_iconlistitem list_item_title=\u00bbCoextrusionado\u00bb admin_label=\u00bbList item\u00bb _builder_version=\u00bb4.25.1&#8243; _module_preset=\u00bbdefault\u00bb global_colors_info=\u00bb{}\u00bb theme_builder_area=\u00bbpost_content\u00bb]<\/p>\n<p><span>Proporciona una combinaci\u00f3n de diferentes materiales en un solo perfil, ofreciendo propiedades \u00fanicas como mayor resistencia o efectos est\u00e9ticos especiales.<\/span><\/p>\n<p>[\/difl_iconlistitem][difl_iconlistitem list_item_title=\u00bbBlack &amp; White\u00bb admin_label=\u00bbList item\u00bb _builder_version=\u00bb4.25.1&#8243; _module_preset=\u00bbdefault\u00bb global_colors_info=\u00bb{}\u00bb theme_builder_area=\u00bbpost_content\u00bb]<\/p>\n<p><span> Ideal para aplicaciones de dise\u00f1o contempor\u00e1neo, donde se requieren contrastes fuertes y definidos.<\/span><\/p>\n<p>[\/difl_iconlistitem][\/difl_iconlist][\/et_pb_column][\/et_pb_row][\/et_pb_section][et_pb_section fb_built=\u00bb1&#8243; module_id=\u00bbcatalogo\u00bb _builder_version=\u00bb4.25.1&#8243; _module_preset=\u00bbdefault\u00bb custom_padding=\u00bb0px||0px||false|false\u00bb saved_tabs=\u00bball\u00bb global_colors_info=\u00bb{}\u00bb theme_builder_area=\u00bbpost_content\u00bb][et_pb_row _builder_version=\u00bb4.25.1&#8243; _module_preset=\u00bbdefault\u00bb width=\u00bb100%\u00bb global_colors_info=\u00bb{}\u00bb theme_builder_area=\u00bbpost_content\u00bb][et_pb_column type=\u00bb4_4&#8243; _builder_version=\u00bb4.25.1&#8243; _module_preset=\u00bbdefault\u00bb global_colors_info=\u00bb{}\u00bb theme_builder_area=\u00bbpost_content\u00bb][et_pb_heading title=\u00bb@ET-DC@eyJkeW5hbWljIjp0cnVlLCJjb250ZW50IjoiY3VzdG9tX21ldGFfdGl0b2xvX2NhdGFsb2dvX3BhZ2luYV9zaW5nb2xpX3Byb2ZpbGkiLCJzZXR0aW5ncyI6eyJiZWZvcmUiOiIiLCJhZnRlciI6IiIsImVuYWJsZV9odG1sIjoib2ZmIn19@\u00bb _builder_version=\u00bb4.25.1&#8243; _dynamic_attributes=\u00bbtitle\u00bb _module_preset=\u00bbdefault\u00bb title_level=\u00bbh2&#8243; title_font=\u00bb|700|||||||\u00bb title_text_align=\u00bbcenter\u00bb global_colors_info=\u00bb{}\u00bb theme_builder_area=\u00bbpost_content\u00bb][\/et_pb_heading][\/et_pb_column][\/et_pb_row][et_pb_row _builder_version=\u00bb4.25.1&#8243; _module_preset=\u00bbdefault\u00bb width=\u00bb100%\u00bb global_colors_info=\u00bb{}\u00bb theme_builder_area=\u00bbpost_content\u00bb][et_pb_column type=\u00bb4_4&#8243; _builder_version=\u00bb4.25.1&#8243; _module_preset=\u00bbdefault\u00bb global_colors_info=\u00bb{}\u00bb theme_builder_area=\u00bbpost_content\u00bb][et_pb_portfolio fullwidth=\u00bboff\u00bb posts_number=\u00bb100&#8243; include_categories=\u00bb37&#8243; _builder_version=\u00bb4.25.2&#8243; _module_preset=\u00bbdefault\u00bb box_shadow_style_image=\u00bbpreset3&#8243; box_shadow_vertical_image=\u00bb5px\u00bb box_shadow_blur_image=\u00bb10px\u00bb global_colors_info=\u00bb{}\u00bb theme_builder_area=\u00bbpost_content\u00bb][\/et_pb_portfolio][\/et_pb_column][\/et_pb_row][\/et_pb_section]<\/p>\n","protected":false},"excerpt":{"rendered":"<p>Perfiles de Secci\u00f3n Cerrada en Policarbonato (PC) y Polimetacrilato de Metilo (PMMA) son elementos extruidos dise\u00f1ados para varias aplicaciones arquitect\u00f3nicas e industriales. Estos perfiles ofrecen alta resistencia mec\u00e1nica, transparencia y durabilidad. Disponibles en diferentes acabados superficiales, pueden adaptarse a numerosas necesidades est\u00e9ticas y funcionales. Las muestras est\u00e1n disponibles bajo solicitud para evaluaciones espec\u00edficas. Para ayudarte a elegir la soluci\u00f3n que mejor se adapte a tus necesidades, ofrecemos muestras de nuestros perfiles bajo solicitud. Esto te permitir\u00e1 evaluar directamente las caracter\u00edsticas y acabados disponibles, asegur\u00e1ndote de seleccionar el perfil perfecto para tu proyecto. Los perfiles de secci\u00f3n cerrada de PTH Group se utilizan en una amplia gama de sectores, entre ellos: Construcci\u00f3n y Arquitectura Estructuras de cubiertas: utilizados para cubiertas transparentes o semitransparentes en edificios comerciales y residenciales. Iluminaci\u00f3n Difusores de luz: utilizados en sistemas de iluminaci\u00f3n para una difusi\u00f3n uniforme de la luz, mejorando la eficiencia y el confort visual. Sector Agr\u00edcola Invernaderos: utilizados para cubiertas de invernaderos, ofreciendo transparencia y protecci\u00f3n contra los elementos. Resistencia a los Impactos El policarbonato es conocido por su alta resistencia a los impactos, lo que hace que estos perfiles sean ideales para aplicaciones donde la seguridad es una prioridad. Versatilidad Adecuados para una [&hellip;]<\/p>\n","protected":false},"author":1,"featured_media":0,"parent":306032,"menu_order":0,"comment_status":"closed","ping_status":"closed","template":"","meta":{"_acf_changed":false,"_et_pb_use_builder":"on","_et_pb_old_content":"","_et_gb_content_width":"","footnotes":""},"difl_page_category":[],"class_list":["post-308359","page","type-page","status-publish","hentry"],"acf":[],"_links":{"self":[{"href":"https:\/\/pth.2fcom.me\/es\/wp-json\/wp\/v2\/pages\/308359","targetHints":{"allow":["GET"]}}],"collection":[{"href":"https:\/\/pth.2fcom.me\/es\/wp-json\/wp\/v2\/pages"}],"about":[{"href":"https:\/\/pth.2fcom.me\/es\/wp-json\/wp\/v2\/types\/page"}],"author":[{"embeddable":true,"href":"https:\/\/pth.2fcom.me\/es\/wp-json\/wp\/v2\/users\/1"}],"replies":[{"embeddable":true,"href":"https:\/\/pth.2fcom.me\/es\/wp-json\/wp\/v2\/comments?post=308359"}],"version-history":[{"count":2,"href":"https:\/\/pth.2fcom.me\/es\/wp-json\/wp\/v2\/pages\/308359\/revisions"}],"predecessor-version":[{"id":308361,"href":"https:\/\/pth.2fcom.me\/es\/wp-json\/wp\/v2\/pages\/308359\/revisions\/308361"}],"up":[{"embeddable":true,"href":"https:\/\/pth.2fcom.me\/es\/wp-json\/wp\/v2\/pages\/306032"}],"wp:attachment":[{"href":"https:\/\/pth.2fcom.me\/es\/wp-json\/wp\/v2\/media?parent=308359"}],"wp:term":[{"taxonomy":"difl_page_category","embeddable":true,"href":"https:\/\/pth.2fcom.me\/es\/wp-json\/wp\/v2\/difl_page_category?post=308359"}],"curies":[{"name":"wp","href":"https:\/\/api.w.org\/{rel}","templated":true}]}}