{"id":306376,"date":"2024-09-16T10:09:08","date_gmt":"2024-09-16T10:09:08","guid":{"rendered":"https:\/\/pth.2fcom.me\/productos\/perfiles-de-plastico\/accesorios-para-perfiles-de-iluminacion\/"},"modified":"2024-09-29T05:35:19","modified_gmt":"2024-09-29T05:35:19","slug":"accesorios-para-perfiles-de-iluminacion","status":"publish","type":"page","link":"https:\/\/pth.2fcom.me\/es\/productos\/perfiles-de-plastico\/accesorios-para-perfiles-de-iluminacion\/","title":{"rendered":"Accesorios para Perfiles de Iluminaci\u00f3n"},"content":{"rendered":"<p>[et_pb_section fb_built=\u00bb1&#8243; _builder_version=\u00bb4.27.0&#8243; _module_preset=\u00bbdefault\u00bb background_enable_color=\u00bboff\u00bb width=\u00bb100%\u00bb custom_padding=\u00bb||||false|false\u00bb global_colors_info=\u00bb{}\u00bb theme_builder_area=\u00bbpost_content\u00bb collapsed=\u00bboff\u00bb][et_pb_row column_structure=\u00bb1_2,1_2&#8243; make_equal=\u00bbon\u00bb _builder_version=\u00bb4.27.0&#8243; _module_preset=\u00bbdefault\u00bb width=\u00bb100%\u00bb custom_padding=\u00bb0px||||false|false\u00bb custom_css_main_element=\u00bbalign-items: center;\u00bb global_colors_info=\u00bb{}\u00bb theme_builder_area=\u00bbpost_content\u00bb][et_pb_column type=\u00bb1_2&#8243; _builder_version=\u00bb4.25.1&#8243; _module_preset=\u00bbdefault\u00bb global_colors_info=\u00bb{}\u00bb theme_builder_area=\u00bbpost_content\u00bb][et_pb_text _builder_version=\u00bb4.27.0&#8243; _module_preset=\u00bbdefault\u00bb hover_enabled=\u00bb0&#8243; global_colors_info=\u00bb{}\u00bb theme_builder_area=\u00bbpost_content\u00bb sticky_enabled=\u00bb0&#8243;]<\/p>\n<p><iframe loading=\"lazy\" title=\"YouTube video player\" src=\"https:\/\/www.youtube.com\/embed\/8HX2LKg2WGQ?rel=0\" width=\"560\" height=\"315\" frameborder=\"0\" allowfullscreen=\"allowfullscreen\"><\/iframe><\/p>\n<p>[\/et_pb_text][\/et_pb_column][et_pb_column type=\u00bb1_2&#8243; _builder_version=\u00bb4.27.0&#8243; _module_preset=\u00bbdefault\u00bb global_colors_info=\u00bb{}\u00bb theme_builder_area=\u00bbpost_content\u00bb][et_pb_text _builder_version=\u00bb4.27.0&#8243; _module_preset=\u00bbdefault\u00bb global_colors_info=\u00bb{}\u00bb theme_builder_area=\u00bbpost_content\u00bb]<\/p>\n<p>PTH Group ofrece una amplia gama de accesorios para <a href=\"https:\/\/pth.2fcom.me\/prodotti\/profili-in-plastica\/profili-in-alluminio-per-led\/\" target=\"_blank\" rel=\"noopener\"><strong>perfiles de aluminio<\/strong><\/a>, dise\u00f1ados para completar y optimizar tus proyectos de iluminaci\u00f3n. Nuestra selecci\u00f3n incluye soportes y tapas de cierre, elementos esenciales para garantizar la m\u00e1xima funcionalidad y un acabado impecable en tus perfiles extruidos. <\/p>\n<p>[\/et_pb_text][\/et_pb_column][\/et_pb_row][\/et_pb_section][et_pb_section fb_built=\u00bb1&#8243; _builder_version=\u00bb4.27.0&#8243; _module_preset=\u00bbdefault\u00bb custom_padding=\u00bb0px||0px||false|false\u00bb global_colors_info=\u00bb{}\u00bb collapsed=\u00bboff\u00bb][et_pb_row _builder_version=\u00bb4.25.1&#8243; _module_preset=\u00bbdefault\u00bb width=\u00bb100%\u00bb custom_padding=\u00bb0px||||false|false\u00bb global_colors_info=\u00bb{}\u00bb][et_pb_column type=\u00bb4_4&#8243; _builder_version=\u00bb4.25.1&#8243; _module_preset=\u00bbdefault\u00bb global_colors_info=\u00bb{}\u00bb][et_pb_heading title=\u00bbMuestras Disponibles\u00bb _builder_version=\u00bb4.27.0&#8243; _module_preset=\u00bbdefault\u00bb title_level=\u00bbh3&#8243; title_font=\u00bb|700|||||||\u00bb global_colors_info=\u00bb{}\u00bb][\/et_pb_heading][et_pb_text _builder_version=\u00bb4.25.2&#8243; _module_preset=\u00bbdefault\u00bb global_colors_info=\u00bb{}\u00bb]<\/p>\n<p>Para ayudarte a elegir la soluci\u00f3n que mejor se adapte a tus necesidades, ofrecemos muestras de nuestros perfiles bajo solicitud. Esto te permitir\u00e1 evaluar directamente las caracter\u00edsticas y acabados disponibles, asegur\u00e1ndote de seleccionar el perfil perfecto para tu proyecto. <\/p>\n<p>[\/et_pb_text][et_pb_heading title=\u00bbSoportes de Fijaci\u00f3n\u00bb _builder_version=\u00bb4.27.0&#8243; _module_preset=\u00bbdefault\u00bb title_level=\u00bbh3&#8243; title_font=\u00bb|700|||||||\u00bb custom_margin=\u00bb||||false|false\u00bb global_colors_info=\u00bb{}\u00bb][\/et_pb_heading][et_pb_text _builder_version=\u00bb4.27.0&#8243; _module_preset=\u00bbdefault\u00bb global_colors_info=\u00bb{}\u00bb]<\/p>\n<p>Nuestros soportes de fijaci\u00f3n est\u00e1n dise\u00f1ados para proporcionar estabilidad y seguridad en la instalaci\u00f3n de perfiles de aluminio. Fabricados con materiales de alta calidad, garantizan un montaje s\u00f3lido y duradero, adapt\u00e1ndose perfectamente a diferentes tipos de perfiles. <\/p>\n<p>[\/et_pb_text][et_pb_heading title=\u00bbTapas de Cierre\u00bb _builder_version=\u00bb4.27.0&#8243; _module_preset=\u00bbdefault\u00bb title_level=\u00bbh3&#8243; title_font=\u00bb|700|||||||\u00bb global_colors_info=\u00bb{}\u00bb][\/et_pb_heading][et_pb_text _builder_version=\u00bb4.27.0&#8243; _module_preset=\u00bbdefault\u00bb global_colors_info=\u00bb{}\u00bb]<\/p>\n<p>Las tapas de cierre ofrecidas por PTH Group son ideales para dar un acabado elegante y profesional a los perfiles. Estos accesorios no solo mejoran la est\u00e9tica del producto final, sino que tambi\u00e9n protegen los perfiles de los elementos externos, garantizando una mayor durabilidad. <\/p>\n<p>[\/et_pb_text][et_pb_heading title=\u00bbCalidad y Personalizaci\u00f3n\u00bb _builder_version=\u00bb4.27.0&#8243; _module_preset=\u00bbdefault\u00bb title_level=\u00bbh3&#8243; title_font=\u00bb|700|||||||\u00bb global_colors_info=\u00bb{}\u00bb][\/et_pb_heading][et_pb_text _builder_version=\u00bb4.27.0&#8243; _module_preset=\u00bbdefault\u00bb global_colors_info=\u00bb{}\u00bb]<\/p>\n<p>Todos nuestros accesorios est\u00e1n fabricados con materiales resistentes y dise\u00f1ados para durar en el tiempo, asegurando calidad y fiabilidad. Las muestras est\u00e1n disponibles bajo solicitud para que puedas evaluar su adaptabilidad a tus proyectos espec\u00edficos. <\/p>\n<p>[\/et_pb_text][et_pb_button button_url=\u00bb#catalogo\u00bb button_text=\u00bbVer el cat\u00e1logo\u00bb button_alignment=\u00bbleft\u00bb _builder_version=\u00bb4.25.2&#8243; _module_preset=\u00bbdefault\u00bb custom_button=\u00bbon\u00bb button_text_size=\u00bb14px\u00bb button_text_color=\u00bb#000000&#8243; button_bg_color=\u00bb#EBECED\u00bb button_border_width=\u00bb2px\u00bb button_border_color=\u00bbrgba(0,0,0,0.52)\u00bb button_border_radius=\u00bb20px\u00bb button_font=\u00bb|300||on|||||\u00bb button_icon=\u00bb&#x22;||divi||400&#8243; button_icon_color=\u00bb#000000&#8243; button_icon_placement=\u00bbleft\u00bb button_on_hover=\u00bboff\u00bb position_origin_a=\u00bbbottom_center\u00bb vertical_offset=\u00bb20px\u00bb global_module=\u00bb284728&#8243; saved_tabs=\u00bball\u00bb global_colors_info=\u00bb{}\u00bb][\/et_pb_button][\/et_pb_column][\/et_pb_row][\/et_pb_section][et_pb_section fb_built=\u00bb1&#8243; module_id=\u00bbcatalogo\u00bb _builder_version=\u00bb4.25.1&#8243; _module_preset=\u00bbdefault\u00bb custom_padding=\u00bb0px||0px||false|false\u00bb saved_tabs=\u00bball\u00bb global_colors_info=\u00bb{}\u00bb][et_pb_row _builder_version=\u00bb4.25.1&#8243; _module_preset=\u00bbdefault\u00bb width=\u00bb100%\u00bb global_colors_info=\u00bb{}\u00bb][et_pb_column type=\u00bb4_4&#8243; _builder_version=\u00bb4.25.1&#8243; _module_preset=\u00bbdefault\u00bb global_colors_info=\u00bb{}\u00bb][et_pb_heading title=\u00bb@ET-DC@eyJkeW5hbWljIjp0cnVlLCJjb250ZW50IjoiY3VzdG9tX21ldGFfdGl0b2xvX2NhdGFsb2dvX3BhZ2luYV9zaW5nb2xpX3Byb2ZpbGkiLCJzZXR0aW5ncyI6eyJiZWZvcmUiOiIiLCJhZnRlciI6IiIsImVuYWJsZV9odG1sIjoib2ZmIn19@\u00bb _builder_version=\u00bb4.25.1&#8243; _dynamic_attributes=\u00bbtitle\u00bb _module_preset=\u00bbdefault\u00bb title_level=\u00bbh2&#8243; title_font=\u00bb|700|||||||\u00bb title_text_align=\u00bbcenter\u00bb global_colors_info=\u00bb{}\u00bb][\/et_pb_heading][\/et_pb_column][\/et_pb_row][et_pb_row _builder_version=\u00bb4.25.1&#8243; _module_preset=\u00bbdefault\u00bb width=\u00bb100%\u00bb global_colors_info=\u00bb{}\u00bb][et_pb_column type=\u00bb4_4&#8243; _builder_version=\u00bb4.25.1&#8243; _module_preset=\u00bbdefault\u00bb global_colors_info=\u00bb{}\u00bb][et_pb_portfolio fullwidth=\u00bboff\u00bb posts_number=\u00bb100&#8243; include_categories=\u00bb45&#8243; _builder_version=\u00bb4.27.0&#8243; _module_preset=\u00bbdefault\u00bb box_shadow_style_image=\u00bbpreset3&#8243; box_shadow_vertical_image=\u00bb5px\u00bb box_shadow_blur_image=\u00bb10px\u00bb global_colors_info=\u00bb{}\u00bb][\/et_pb_portfolio][\/et_pb_column][\/et_pb_row][\/et_pb_section]<\/p>\n","protected":false},"excerpt":{"rendered":"<p>PTH Group ofrece una amplia gama de accesorios para perfiles de aluminio, dise\u00f1ados para completar y optimizar tus proyectos de iluminaci\u00f3n. Nuestra selecci\u00f3n incluye soportes y tapas de cierre, elementos esenciales para garantizar la m\u00e1xima funcionalidad y un acabado impecable en tus perfiles extruidos. Para ayudarte a elegir la soluci\u00f3n que mejor se adapte a tus necesidades, ofrecemos muestras de nuestros perfiles bajo solicitud. Esto te permitir\u00e1 evaluar directamente las caracter\u00edsticas y acabados disponibles, asegur\u00e1ndote de seleccionar el perfil perfecto para tu proyecto. Nuestros soportes de fijaci\u00f3n est\u00e1n dise\u00f1ados para proporcionar estabilidad y seguridad en la instalaci\u00f3n de perfiles de aluminio. Fabricados con materiales de alta calidad, garantizan un montaje s\u00f3lido y duradero, adapt\u00e1ndose perfectamente a diferentes tipos de perfiles. Las tapas de cierre ofrecidas por PTH Group son ideales para dar un acabado elegante y profesional a los perfiles. Estos accesorios no solo mejoran la est\u00e9tica del producto final, sino que tambi\u00e9n protegen los perfiles de los elementos externos, garantizando una mayor durabilidad. Todos nuestros accesorios est\u00e1n fabricados con materiales resistentes y dise\u00f1ados para durar en el tiempo, asegurando calidad y fiabilidad. Las muestras est\u00e1n disponibles bajo solicitud para que puedas evaluar su adaptabilidad a tus proyectos espec\u00edficos.<\/p>\n","protected":false},"author":1,"featured_media":0,"parent":306032,"menu_order":0,"comment_status":"closed","ping_status":"closed","template":"","meta":{"_acf_changed":false,"_et_pb_use_builder":"on","_et_pb_old_content":"","_et_gb_content_width":"","footnotes":""},"difl_page_category":[],"class_list":["post-306376","page","type-page","status-publish","hentry"],"acf":[],"_links":{"self":[{"href":"https:\/\/pth.2fcom.me\/es\/wp-json\/wp\/v2\/pages\/306376","targetHints":{"allow":["GET"]}}],"collection":[{"href":"https:\/\/pth.2fcom.me\/es\/wp-json\/wp\/v2\/pages"}],"about":[{"href":"https:\/\/pth.2fcom.me\/es\/wp-json\/wp\/v2\/types\/page"}],"author":[{"embeddable":true,"href":"https:\/\/pth.2fcom.me\/es\/wp-json\/wp\/v2\/users\/1"}],"replies":[{"embeddable":true,"href":"https:\/\/pth.2fcom.me\/es\/wp-json\/wp\/v2\/comments?post=306376"}],"version-history":[{"count":2,"href":"https:\/\/pth.2fcom.me\/es\/wp-json\/wp\/v2\/pages\/306376\/revisions"}],"predecessor-version":[{"id":306378,"href":"https:\/\/pth.2fcom.me\/es\/wp-json\/wp\/v2\/pages\/306376\/revisions\/306378"}],"up":[{"embeddable":true,"href":"https:\/\/pth.2fcom.me\/es\/wp-json\/wp\/v2\/pages\/306032"}],"wp:attachment":[{"href":"https:\/\/pth.2fcom.me\/es\/wp-json\/wp\/v2\/media?parent=306376"}],"wp:term":[{"taxonomy":"difl_page_category","embeddable":true,"href":"https:\/\/pth.2fcom.me\/es\/wp-json\/wp\/v2\/difl_page_category?post=306376"}],"curies":[{"name":"wp","href":"https:\/\/api.w.org\/{rel}","templated":true}]}}