{"id":309513,"date":"2024-05-21T08:34:40","date_gmt":"2024-05-21T08:34:40","guid":{"rendered":"https:\/\/pth.2fcom.me\/produkte\/kunststoffprofile\/smart-clip-profile-fuer-led-beleuchtung\/"},"modified":"2024-09-29T10:14:14","modified_gmt":"2024-09-29T10:14:14","slug":"smart-clip-profile-fuer-led-beleuchtung","status":"publish","type":"page","link":"https:\/\/pth.2fcom.me\/de\/produkte\/kunststoffprofile\/smart-clip-profile-fuer-led-beleuchtung\/","title":{"rendered":"Smart Clip Profile f\u00fcr LED-Beleuchtung"},"content":{"rendered":"<p>[et_pb_section fb_built=&#8220;1&#8243; _builder_version=&#8220;4.27.0&#8243; _module_preset=&#8220;default&#8220; background_enable_color=&#8220;off&#8220; width=&#8220;100%&#8220; custom_padding=&#8220;||||false|false&#8220; global_colors_info=&#8220;{}&#8220; theme_builder_area=&#8220;post_content&#8220;][et_pb_row column_structure=&#8220;1_2,1_2&#8243; make_equal=&#8220;on&#8220; _builder_version=&#8220;4.27.0&#8243; _module_preset=&#8220;default&#8220; width=&#8220;100%&#8220; custom_padding=&#8220;0px||||false|false&#8220; custom_css_main_element=&#8220;align-items: center;&#8220; global_colors_info=&#8220;{}&#8220; theme_builder_area=&#8220;post_content&#8220;][et_pb_column type=&#8220;1_2&#8243; _builder_version=&#8220;4.25.1&#8243; _module_preset=&#8220;default&#8220; global_colors_info=&#8220;{}&#8220; theme_builder_area=&#8220;post_content&#8220;][et_pb_text _builder_version=&#8220;4.27.0&#8243; _module_preset=&#8220;default&#8220; hover_enabled=&#8220;0&#8243; global_colors_info=&#8220;{}&#8220; theme_builder_area=&#8220;post_content&#8220; sticky_enabled=&#8220;0&#8243;]<\/p>\n<p><iframe loading=\"lazy\" title=\"YouTube video player\" src=\"https:\/\/www.youtube.com\/embed\/eAr-TGqtqbE?rel=0\" width=\"560\" height=\"315\" frameborder=\"0\" allowfullscreen=\"allowfullscreen\"><\/iframe><\/p>\n<p>[\/et_pb_text][\/et_pb_column][et_pb_column type=&#8220;1_2&#8243; _builder_version=&#8220;4.27.0&#8243; _module_preset=&#8220;default&#8220; global_colors_info=&#8220;{}&#8220; theme_builder_area=&#8220;post_content&#8220;][et_pb_text _builder_version=&#8220;4.27.0&#8243; _module_preset=&#8220;default&#8220; global_colors_info=&#8220;{}&#8220; theme_builder_area=&#8220;post_content&#8220;]<\/p>\n<p>Smart Clip-Profile f\u00fcr LED-Beleuchtung sind innovative L\u00f6sungen, die die Installation und Wartung von LED-Streifen vereinfachen. Hergestellt aus hochwertigen Materialien wie Polycarbonat (PC) und Polymethylmethacrylat (PMMA), sind diese extrudierten Profile in verschiedenen Oberfl\u00e4chen erh\u00e4ltlich: transparent, opal, satiniert, farbig, co-extrudiert und in Black &amp; White. Muster sind auf Anfrage erh\u00e4ltlich, um die verschiedenen Optionen direkt zu bewerten.  <\/p>\n<p>[\/et_pb_text][\/et_pb_column][\/et_pb_row][\/et_pb_section][et_pb_section fb_built=&#8220;1&#8243; _builder_version=&#8220;4.25.2&#8243; _module_preset=&#8220;default&#8220; custom_padding=&#8220;0px||0px||false|false&#8220; global_colors_info=&#8220;{}&#8220; theme_builder_area=&#8220;post_content&#8220;][et_pb_row _builder_version=&#8220;4.25.1&#8243; _module_preset=&#8220;default&#8220; width=&#8220;100%&#8220; custom_padding=&#8220;0px||||false|false&#8220; global_colors_info=&#8220;{}&#8220; theme_builder_area=&#8220;post_content&#8220;][et_pb_column type=&#8220;4_4&#8243; _builder_version=&#8220;4.25.1&#8243; _module_preset=&#8220;default&#8220; global_colors_info=&#8220;{}&#8220; theme_builder_area=&#8220;post_content&#8220;][et_pb_heading title=&#8220;Merkmale des Smart Clip-Systems&#8220; _builder_version=&#8220;4.25.2&#8243; _module_preset=&#8220;default&#8220; title_level=&#8220;h3&#8243; title_font=&#8220;|700|||||||&#8220; global_colors_info=&#8220;{}&#8220; theme_builder_area=&#8220;post_content&#8220;][\/et_pb_heading][et_pb_text _builder_version=&#8220;4.25.2&#8243; _module_preset=&#8220;default&#8220; global_colors_info=&#8220;{}&#8220; theme_builder_area=&#8220;post_content&#8220;]<\/p>\n<ul>\n<li><strong>Schraubenlose Installation<\/strong> Das Smart Clip-System eliminiert die Notwendigkeit, Aluminium zu bohren und Schrauben zu verwenden, wodurch die Installationszeit und -komplexit\u00e4t reduziert wird.<\/li>\n<li><strong>Pr\u00e4ziser Halt <\/strong> Dank der F\u00fchrungsleisten in der Geometrie des Profils sorgt der Polycarbonat-Clip jedes Mal f\u00fcr eine pr\u00e4zise Befestigung, was eine perfekte Montage erleichtert.<\/li>\n<li><strong>Einfache Wartung <\/strong> Das Ersetzen der LED-Streifen ist einfach und schnell, sodass die LEDs problemlos ausgeclippt und wieder montiert werden k\u00f6nnen.<\/li>\n<\/ul>\n<p>[\/et_pb_text][et_pb_heading title=&#8220;Verf\u00fcgbare Muster&#8220; _builder_version=&#8220;4.25.2&#8243; _module_preset=&#8220;default&#8220; title_level=&#8220;h3&#8243; title_font=&#8220;|700|||||||&#8220; global_colors_info=&#8220;{}&#8220; theme_builder_area=&#8220;post_content&#8220;][\/et_pb_heading][et_pb_text _builder_version=&#8220;4.25.2&#8243; _module_preset=&#8220;default&#8220; global_colors_info=&#8220;{}&#8220; theme_builder_area=&#8220;post_content&#8220;]<\/p>\n<p>Um Ihnen bei der Auswahl der besten L\u00f6sung f\u00fcr Ihre Bed\u00fcrfnisse zu helfen, bieten wir auf Anfrage Muster unserer Profile an. So k\u00f6nnen Sie die verf\u00fcgbaren Eigenschaften und Oberfl\u00e4chen direkt bewerten und sicherstellen, dass Sie das perfekte Profil f\u00fcr Ihr Projekt ausw\u00e4hlen. <\/p>\n<p>[\/et_pb_text][et_pb_heading title=&#8220;Typische Anwendungen&#8220; _builder_version=&#8220;4.25.2&#8243; _module_preset=&#8220;default&#8220; title_level=&#8220;h3&#8243; title_font=&#8220;|700|||||||&#8220; global_colors_info=&#8220;{}&#8220; theme_builder_area=&#8220;post_content&#8220;][\/et_pb_heading][et_pb_text _builder_version=&#8220;4.25.2&#8243; _module_preset=&#8220;default&#8220; global_colors_info=&#8220;{}&#8220; theme_builder_area=&#8220;post_content&#8220;]<\/p>\n<p>Die Smart Clip-Profile f\u00fcr LED-Beleuchtung von PTH Group werden in einer Vielzahl von Bereichen eingesetzt, darunter:<\/p>\n<p><strong>Kommerzielle Beleuchtung<br \/><\/strong><\/p>\n<ul>\n<li>Ladenbeleuchtung: Verbessert die \u00c4sthetik und Lichtausbeute in Einzelhandelsumgebungen. <\/li>\n<li>B\u00fcros: Sorgt f\u00fcr gleichm\u00e4\u00dfiges und angenehmes Licht in Arbeitsbereichen.<\/li>\n<\/ul>\n<p><strong>Wohnbeleuchtung<\/strong><\/p>\n<ul>\n<li>Innenbeleuchtung: Ideal f\u00fcr Installationen in K\u00fcchen, Wohnzimmern und Schlafzimmern und bietet weiches, gleichm\u00e4\u00dfiges Licht. <\/li>\n<li>Dekorative Beleuchtung: F\u00fcr elegante Lichteffekte an Decken, W\u00e4nden und M\u00f6beln.<\/li>\n<\/ul>\n<p><strong>Architektonische Beleuchtung<\/strong><\/p>\n<ul>\n<li>Geb\u00e4udefassaden: Wird verwendet, um architektonische Elemente zu beleuchten und das n\u00e4chtliche Erscheinungsbild von Geb\u00e4uden zu verbessern. <\/li>\n<li>G\u00e4rten und Au\u00dfenbereiche: Wetterbest\u00e4ndige Profile f\u00fcr Anwendungen in G\u00e4rten, Terrassen und anderen Au\u00dfenbereichen.<\/li>\n<\/ul>\n<ul><\/ul>\n<p>[\/et_pb_text][et_pb_heading title=&#8220;Zus\u00e4tzliche Eigenschaften&#8220; _builder_version=&#8220;4.25.2&#8243; _module_preset=&#8220;default&#8220; title_level=&#8220;h3&#8243; title_font=&#8220;|700|||||||&#8220; global_colors_info=&#8220;{}&#8220; theme_builder_area=&#8220;post_content&#8220;][\/et_pb_heading][et_pb_text _builder_version=&#8220;4.25.2&#8243; _module_preset=&#8220;default&#8220; global_colors_info=&#8220;{}&#8220; theme_builder_area=&#8220;post_content&#8220;]<\/p>\n<ul>\n<li><strong>Schraubenlose Installation<\/strong> Das Smart Clip-System eliminiert die Notwendigkeit, Aluminium zu bohren und Schrauben zu verwenden, wodurch die Installationszeit und -komplexit\u00e4t reduziert wird.<\/li>\n<li><strong>Pr\u00e4ziser Halt <\/strong> Dank der F\u00fchrungsleisten in der Geometrie des Profils sorgt der Polycarbonat-Clip jedes Mal f\u00fcr eine pr\u00e4zise Befestigung, was eine perfekte Montage erleichtert.<\/li>\n<li><strong>Einfache Wartung <\/strong> Das Ersetzen der LED-Streifen ist einfach und schnell, sodass die LEDs problemlos ausgeclippt und wieder montiert werden k\u00f6nnen.<\/li>\n<li><strong>Vielseitigkeit <\/strong> Geeignet f\u00fcr eine breite Palette von Anwendungen, sowohl im Innen- als auch im Au\u00dfenbereich, dank der Vielzahl verf\u00fcgbarer Oberfl\u00e4chen.<\/li>\n<\/ul>\n<p>[\/et_pb_text][et_pb_button button_url=&#8220;#catalogo&#8220; button_text=&#8220;Schauen Sie den Katalog an&#8220; button_alignment=&#8220;left&#8220; _builder_version=&#8220;4.25.2&#8243; _module_preset=&#8220;default&#8220; custom_button=&#8220;on&#8220; button_text_size=&#8220;14px&#8220; button_text_color=&#8220;#000000&#8243; button_bg_color=&#8220;#EBECED&#8220; button_border_width=&#8220;2px&#8220; button_border_color=&#8220;rgba(0,0,0,0.52)&#8220; button_border_radius=&#8220;20px&#8220; button_font=&#8220;|300||on|||||&#8220; button_icon=&#8220;&#x22;||divi||400&#8243; button_icon_color=&#8220;#000000&#8243; button_icon_placement=&#8220;left&#8220; button_on_hover=&#8220;off&#8220; position_origin_a=&#8220;bottom_center&#8220; vertical_offset=&#8220;20px&#8220; global_module=&#8220;284728&#8243; saved_tabs=&#8220;all&#8220; global_colors_info=&#8220;{}&#8220; theme_builder_area=&#8220;post_content&#8220;][\/et_pb_button][\/et_pb_column][\/et_pb_row][\/et_pb_section][et_pb_section fb_built=&#8220;1&#8243; _builder_version=&#8220;4.25.1&#8243; _module_preset=&#8220;default&#8220; global_colors_info=&#8220;{}&#8220; theme_builder_area=&#8220;post_content&#8220;][et_pb_row _builder_version=&#8220;4.25.1&#8243; _module_preset=&#8220;default&#8220; width=&#8220;100%&#8220; global_colors_info=&#8220;{}&#8220; theme_builder_area=&#8220;post_content&#8220;][et_pb_column type=&#8220;4_4&#8243; _builder_version=&#8220;4.25.1&#8243; _module_preset=&#8220;default&#8220; global_colors_info=&#8220;{}&#8220; theme_builder_area=&#8220;post_content&#8220;][et_pb_heading title=&#8220;Verf\u00fcgbare Oberfl\u00e4chen f\u00fcr Glasleisten- und Trennwandprofile&#8220; _builder_version=&#8220;4.25.1&#8243; _module_preset=&#8220;default&#8220; title_level=&#8220;h2&#8243; title_font=&#8220;|700|||||||&#8220; title_text_align=&#8220;center&#8220; global_colors_info=&#8220;{}&#8220; theme_builder_area=&#8220;post_content&#8220;][\/et_pb_heading][difl_iconlist list_view_type=&#8220;inline&#8220; list_item_content_max_width=&#8220;100%&#8220; _builder_version=&#8220;4.27.0&#8243; _module_preset=&#8220;default&#8220; hover_enabled=&#8220;0&#8243; global_colors_info=&#8220;{}&#8220; theme_builder_area=&#8220;post_content&#8220; list_item_per_column_last_edited=&#8220;on|phone&#8220; sticky_enabled=&#8220;0&#8243; list_item_per_column_tablet=&#8220;1&#8243; list_item_per_column_phone=&#8220;1&#8243;][difl_iconlistitem list_item_title=&#8220;Transparent&#8220; _builder_version=&#8220;4.25.1&#8243; global_colors_info=&#8220;{}&#8220; theme_builder_area=&#8220;post_content&#8220;]<\/p>\n<p><span>Perfekt f\u00fcr Anwendungen, die maximale Transparenz und Sichtbarkeit erfordern, wie z.B. Abdeckungen f\u00fcr Beleuchtung und Displays.<\/span><\/p>\n<p>[\/difl_iconlistitem][difl_iconlistitem list_item_title=&#8220;Opal&#8220; _builder_version=&#8220;4.25.1&#8243; global_colors_info=&#8220;{}&#8220; theme_builder_area=&#8220;post_content&#8220;]<\/p>\n<p><span>Ideal, um Licht gleichm\u00e4\u00dfig zu streuen, Blendungen zu reduzieren und eine weiche, angenehme Beleuchtung zu schaffen.<\/span><\/p>\n<p>[\/difl_iconlistitem][difl_iconlistitem list_item_title=&#8220;Satin&#8220; _builder_version=&#8220;4.25.1&#8243; global_colors_info=&#8220;{}&#8220; theme_builder_area=&#8220;post_content&#8220;]<\/p>\n<p><span>Bietet ein elegantes und modernes Finish, das Transparenz und Opazit\u00e4t f\u00fcr einen einzigartigen visuellen Effekt kombiniert.<\/span><\/p>\n<p>[\/difl_iconlistitem][difl_iconlistitem list_item_title=&#8220;Farbig&#8220; admin_label=&#8220;List item&#8220; _builder_version=&#8220;4.25.1&#8243; _module_preset=&#8220;default&#8220; global_colors_info=&#8220;{}&#8220; theme_builder_area=&#8220;post_content&#8220;]<\/p>\n<p><span>Erh\u00e4ltlich in einer breiten Farbpalette, um den spezifischen \u00e4sthetischen Anforderungen Ihrer Projekte gerecht zu werden.<\/span><\/p>\n<p>[\/difl_iconlistitem][difl_iconlistitem list_item_title=&#8220;Koextrudiert&#8220; admin_label=&#8220;List item&#8220; _builder_version=&#8220;4.25.1&#8243; _module_preset=&#8220;default&#8220; global_colors_info=&#8220;{}&#8220; theme_builder_area=&#8220;post_content&#8220;]<\/p>\n<p><span>Bietet eine Kombination verschiedener Materialien in einem Profil und verleiht einzigartige Eigenschaften wie zus\u00e4tzliche Festigkeit oder spezielle \u00e4sthetische Effekte.<\/span><\/p>\n<p>[\/difl_iconlistitem][difl_iconlistitem list_item_title=&#8220;Black &amp; White&#8220; admin_label=&#8220;List item&#8220; _builder_version=&#8220;4.25.1&#8243; _module_preset=&#8220;default&#8220; global_colors_info=&#8220;{}&#8220; theme_builder_area=&#8220;post_content&#8220;]<\/p>\n<p><span> Ideal f\u00fcr zeitgen\u00f6ssische Designanwendungen, bei denen starke und scharfe Kontraste erforderlich sind.<\/span><\/p>\n<p>[\/difl_iconlistitem][\/difl_iconlist][\/et_pb_column][\/et_pb_row][\/et_pb_section][et_pb_section fb_built=&#8220;1&#8243; module_id=&#8220;catalogo&#8220; _builder_version=&#8220;4.25.1&#8243; _module_preset=&#8220;default&#8220; custom_padding=&#8220;0px||0px||false|false&#8220; saved_tabs=&#8220;all&#8220; global_colors_info=&#8220;{}&#8220; theme_builder_area=&#8220;post_content&#8220;][et_pb_row _builder_version=&#8220;4.25.1&#8243; _module_preset=&#8220;default&#8220; width=&#8220;100%&#8220; global_colors_info=&#8220;{}&#8220; theme_builder_area=&#8220;post_content&#8220;][et_pb_column type=&#8220;4_4&#8243; _builder_version=&#8220;4.25.1&#8243; _module_preset=&#8220;default&#8220; global_colors_info=&#8220;{}&#8220; theme_builder_area=&#8220;post_content&#8220;][et_pb_heading title=&#8220;@ET-DC@eyJkeW5hbWljIjp0cnVlLCJjb250ZW50IjoiY3VzdG9tX21ldGFfdGl0b2xvX2NhdGFsb2dvX3BhZ2luYV9zaW5nb2xpX3Byb2ZpbGkiLCJzZXR0aW5ncyI6eyJiZWZvcmUiOiIiLCJhZnRlciI6IiIsImVuYWJsZV9odG1sIjoib2ZmIn19@&#8220; _builder_version=&#8220;4.25.1&#8243; _dynamic_attributes=&#8220;title&#8220; _module_preset=&#8220;default&#8220; title_level=&#8220;h2&#8243; title_font=&#8220;|700|||||||&#8220; title_text_align=&#8220;center&#8220; global_colors_info=&#8220;{}&#8220; theme_builder_area=&#8220;post_content&#8220;][\/et_pb_heading][\/et_pb_column][\/et_pb_row][et_pb_row _builder_version=&#8220;4.25.1&#8243; _module_preset=&#8220;default&#8220; width=&#8220;100%&#8220; global_colors_info=&#8220;{}&#8220; theme_builder_area=&#8220;post_content&#8220;][et_pb_column type=&#8220;4_4&#8243; _builder_version=&#8220;4.25.1&#8243; _module_preset=&#8220;default&#8220; global_colors_info=&#8220;{}&#8220; theme_builder_area=&#8220;post_content&#8220;][et_pb_filterable_portfolio fullwidth=&#8220;off&#8220; posts_number=&#8220;100&#8243; include_categories=&#8220;40,41,42,43&#8243; _builder_version=&#8220;4.25.2&#8243; _module_preset=&#8220;default&#8220; box_shadow_style_image=&#8220;preset3&#8243; box_shadow_vertical_image=&#8220;5px&#8220; box_shadow_blur_image=&#8220;10px&#8220; global_colors_info=&#8220;{}&#8220; theme_builder_area=&#8220;post_content&#8220;][\/et_pb_filterable_portfolio][\/et_pb_column][\/et_pb_row][\/et_pb_section]<\/p>\n","protected":false},"excerpt":{"rendered":"<p>Smart Clip-Profile f\u00fcr LED-Beleuchtung sind innovative L\u00f6sungen, die die Installation und Wartung von LED-Streifen vereinfachen. Hergestellt aus hochwertigen Materialien wie Polycarbonat (PC) und Polymethylmethacrylat (PMMA), sind diese extrudierten Profile in verschiedenen Oberfl\u00e4chen erh\u00e4ltlich: transparent, opal, satiniert, farbig, co-extrudiert und in Black &amp; White. Muster sind auf Anfrage erh\u00e4ltlich, um die verschiedenen Optionen direkt zu bewerten. Schraubenlose Installation Das Smart Clip-System eliminiert die Notwendigkeit, Aluminium zu bohren und Schrauben zu verwenden, wodurch die Installationszeit und -komplexit\u00e4t reduziert wird. Pr\u00e4ziser Halt Dank der F\u00fchrungsleisten in der Geometrie des Profils sorgt der Polycarbonat-Clip jedes Mal f\u00fcr eine pr\u00e4zise Befestigung, was eine perfekte Montage erleichtert. Einfache Wartung Das Ersetzen der LED-Streifen ist einfach und schnell, sodass die LEDs problemlos ausgeclippt und wieder montiert werden k\u00f6nnen. Um Ihnen bei der Auswahl der besten L\u00f6sung f\u00fcr Ihre Bed\u00fcrfnisse zu helfen, bieten wir auf Anfrage Muster unserer Profile an. So k\u00f6nnen Sie die verf\u00fcgbaren Eigenschaften und Oberfl\u00e4chen direkt bewerten und sicherstellen, dass Sie das perfekte Profil f\u00fcr Ihr Projekt ausw\u00e4hlen. Die Smart Clip-Profile f\u00fcr LED-Beleuchtung von PTH Group werden in einer Vielzahl von Bereichen eingesetzt, darunter: Kommerzielle Beleuchtung Ladenbeleuchtung: Verbessert die \u00c4sthetik und Lichtausbeute in Einzelhandelsumgebungen. B\u00fcros: Sorgt f\u00fcr gleichm\u00e4\u00dfiges und angenehmes Licht in Arbeitsbereichen. Wohnbeleuchtung Innenbeleuchtung: [&hellip;]<\/p>\n","protected":false},"author":1,"featured_media":0,"parent":306028,"menu_order":0,"comment_status":"closed","ping_status":"closed","template":"","meta":{"_acf_changed":false,"_et_pb_use_builder":"on","_et_pb_old_content":"","_et_gb_content_width":"","footnotes":""},"difl_page_category":[],"class_list":["post-309513","page","type-page","status-publish","hentry"],"acf":[],"_links":{"self":[{"href":"https:\/\/pth.2fcom.me\/de\/wp-json\/wp\/v2\/pages\/309513","targetHints":{"allow":["GET"]}}],"collection":[{"href":"https:\/\/pth.2fcom.me\/de\/wp-json\/wp\/v2\/pages"}],"about":[{"href":"https:\/\/pth.2fcom.me\/de\/wp-json\/wp\/v2\/types\/page"}],"author":[{"embeddable":true,"href":"https:\/\/pth.2fcom.me\/de\/wp-json\/wp\/v2\/users\/1"}],"replies":[{"embeddable":true,"href":"https:\/\/pth.2fcom.me\/de\/wp-json\/wp\/v2\/comments?post=309513"}],"version-history":[{"count":2,"href":"https:\/\/pth.2fcom.me\/de\/wp-json\/wp\/v2\/pages\/309513\/revisions"}],"predecessor-version":[{"id":309515,"href":"https:\/\/pth.2fcom.me\/de\/wp-json\/wp\/v2\/pages\/309513\/revisions\/309515"}],"up":[{"embeddable":true,"href":"https:\/\/pth.2fcom.me\/de\/wp-json\/wp\/v2\/pages\/306028"}],"wp:attachment":[{"href":"https:\/\/pth.2fcom.me\/de\/wp-json\/wp\/v2\/media?parent=309513"}],"wp:term":[{"taxonomy":"difl_page_category","embeddable":true,"href":"https:\/\/pth.2fcom.me\/de\/wp-json\/wp\/v2\/difl_page_category?post=309513"}],"curies":[{"name":"wp","href":"https:\/\/api.w.org\/{rel}","templated":true}]}}