{"id":309008,"date":"2024-05-21T08:33:58","date_gmt":"2024-05-21T08:33:58","guid":{"rendered":"https:\/\/pth.2fcom.me\/produkte\/kunststoffprofile\/mikroprismatische-profile\/"},"modified":"2024-09-29T09:01:49","modified_gmt":"2024-09-29T09:01:49","slug":"mikroprismatische-profile","status":"publish","type":"page","link":"https:\/\/pth.2fcom.me\/de\/produkte\/kunststoffprofile\/mikroprismatische-profile\/","title":{"rendered":"Mikroprismatische Profile"},"content":{"rendered":"<p>[et_pb_section fb_built=&#8220;1&#8243; _builder_version=&#8220;4.25.1&#8243; _module_preset=&#8220;default&#8220; custom_padding=&#8220;0px||0px||false|false&#8220; global_colors_info=&#8220;{}&#8220; theme_builder_area=&#8220;post_content&#8220;][et_pb_row _builder_version=&#8220;4.25.1&#8243; _module_preset=&#8220;default&#8220; width=&#8220;100%&#8220; custom_padding=&#8220;0px||||false|false&#8220; global_colors_info=&#8220;{}&#8220; theme_builder_area=&#8220;post_content&#8220;][et_pb_column type=&#8220;4_4&#8243; _builder_version=&#8220;4.25.1&#8243; _module_preset=&#8220;default&#8220; global_colors_info=&#8220;{}&#8220; theme_builder_area=&#8220;post_content&#8220;][et_pb_text _builder_version=&#8220;4.27.0&#8243; _module_preset=&#8220;default&#8220; global_colors_info=&#8220;{}&#8220; theme_builder_area=&#8220;post_content&#8220;]<\/p>\n<p>Mikroprismatische Beleuchtungsprofile werden aus <strong>Polycarbonat (PC)<\/strong> und <strong>Polymethylmethacrylat (PMMA)<\/strong> extrudiert. Diese Materialien werden aufgrund ihrer ausgezeichneten optischen und mechanischen Eigenschaften ausgew\u00e4hlt. Die Profile sind mit einer mikroprismatischen Struktur gestaltet, die die Lichtverteilung verbessert, Blendungen reduziert und die Lichtausbeute erh\u00f6ht. Muster sind auf Anfrage f\u00fcr spezifische Bewertungen erh\u00e4ltlich.   <\/p>\n<p>[\/et_pb_text][et_pb_heading title=&#8220;Verf\u00fcgbare Muster&#8220; _builder_version=&#8220;4.25.2&#8243; _module_preset=&#8220;default&#8220; title_level=&#8220;h3&#8243; title_font=&#8220;|700|||||||&#8220; global_colors_info=&#8220;{}&#8220; theme_builder_area=&#8220;post_content&#8220;][\/et_pb_heading][et_pb_text _builder_version=&#8220;4.25.2&#8243; _module_preset=&#8220;default&#8220; global_colors_info=&#8220;{}&#8220; theme_builder_area=&#8220;post_content&#8220;]<\/p>\n<p><span>Um Ihnen bei der Auswahl der besten L\u00f6sung f\u00fcr Ihre Bed\u00fcrfnisse zu helfen, bieten wir auf Anfrage Muster unserer Profile an. So k\u00f6nnen Sie die verf\u00fcgbaren Eigenschaften und Oberfl\u00e4chen direkt bewerten und sicherstellen, dass Sie das perfekte Profil f\u00fcr Ihr Projekt ausw\u00e4hlen. <\/span><\/p>\n<p>[\/et_pb_text][et_pb_heading title=&#8220;Typische Anwendungen&#8220; _builder_version=&#8220;4.25.2&#8243; _module_preset=&#8220;default&#8220; title_level=&#8220;h3&#8243; title_font=&#8220;|700|||||||&#8220; global_colors_info=&#8220;{}&#8220; theme_builder_area=&#8220;post_content&#8220;][\/et_pb_heading][et_pb_text _builder_version=&#8220;4.27.0&#8243; _module_preset=&#8220;default&#8220; global_colors_info=&#8220;{}&#8220; theme_builder_area=&#8220;post_content&#8220;]<\/p>\n<p>Mikroprismatische Profile finden in einer Vielzahl von Branchen Anwendung, darunter:<\/p>\n<p><strong>Kommerzielle Beleuchtung<\/strong><\/p>\n<ul>\n<li>B\u00fcrolampen: Verbessern die Lichtgleichm\u00e4\u00dfigkeit, reduzieren Blendungen und erh\u00f6hen die Energieeffizienz.<\/li>\n<li>Schaufenster: Sorgen f\u00fcr eine helle, gleichm\u00e4\u00dfige Beleuchtung, die die ausgestellten Produkte hervorhebt.<\/li>\n<\/ul>\n<p><strong>Industrielle Beleuchtung<\/strong><\/p>\n<ul>\n<li>Lagerhallen und Lagereinrichtungen: Sorgen f\u00fcr eine gleichm\u00e4\u00dfige Lichtverteilung in gro\u00dfen R\u00e4umen und verbessern die Sichtbarkeit und Sicherheit.<\/li>\n<\/ul>\n<p><strong>Wohnbeleuchtung<\/strong><\/p>\n<ul>\n<li>Lampen und Innenbeleuchtungssysteme: Schaffen helle, einladende Umgebungen mit weicher, gleichm\u00e4\u00dfiger Beleuchtung.<\/li>\n<li>Dekorative Beleuchtung: Verwendet in Wandleuchten, Kronleuchtern und anderen dekorativen L\u00f6sungen f\u00fcr anspruchsvolle Lichteffekte.<strong><\/strong><\/li>\n<\/ul>\n<p><strong>\u00d6ffentliche Beleuchtung<\/strong><\/p>\n<ul>\n<li>Parks und \u00f6ffentliche Bereiche: Bieten diffuses, angenehmes Licht, das die Sicht verbessert, ohne zu blenden.<\/li>\n<li>\u00d6ffentliche Infrastrukturen: Wie Bahnh\u00f6fe und Flugh\u00e4fen, wo eine gute Lichtverteilung f\u00fcr Sicherheit und Orientierung unerl\u00e4sslich ist.<\/li>\n<\/ul>\n<p>[\/et_pb_text][et_pb_heading title=&#8220;Zus\u00e4tzliche Eigenschaften&#8220; _builder_version=&#8220;4.25.2&#8243; _module_preset=&#8220;default&#8220; title_level=&#8220;h3&#8243; title_font=&#8220;|700|||||||&#8220; global_colors_info=&#8220;{}&#8220; theme_builder_area=&#8220;post_content&#8220;][\/et_pb_heading][et_pb_text _builder_version=&#8220;4.27.0&#8243; _module_preset=&#8220;default&#8220; global_colors_info=&#8220;{}&#8220; theme_builder_area=&#8220;post_content&#8220;]<\/p>\n<ul>\n<li><strong>Sto\u00dffestigkeit <\/strong> Polycarbonat ist f\u00fcr seine hohe Sto\u00dffestigkeit bekannt, was diese Profile ideal f\u00fcr Anwendungen macht, bei denen Sicherheit Priorit\u00e4t hat.<\/li>\n<li><strong>Vielseitigkeit <\/strong> Geeignet f\u00fcr eine Vielzahl von Anwendungen sowohl im Innen- als auch im Au\u00dfenbereich, dank der Witterungsbest\u00e4ndigkeit und der Widerstandsf\u00e4higkeit gegen Temperaturschwankungen.<\/li>\n<\/ul>\n<p>[\/et_pb_text][et_pb_button button_url=&#8220;#catalogo&#8220; button_text=&#8220;Schauen Sie den Katalog an&#8220; button_alignment=&#8220;left&#8220; _builder_version=&#8220;4.25.1&#8243; _module_preset=&#8220;default&#8220; custom_button=&#8220;on&#8220; button_text_size=&#8220;14px&#8220; button_text_color=&#8220;#000000&#8243; button_bg_color=&#8220;#EBECED&#8220; button_border_width=&#8220;2px&#8220; button_border_color=&#8220;rgba(0,0,0,0.52)&#8220; button_border_radius=&#8220;20px&#8220; button_font=&#8220;|300||on|||||&#8220; button_icon=&#8220;&#x22;||divi||400&#8243; button_icon_color=&#8220;#000000&#8243; button_icon_placement=&#8220;left&#8220; button_on_hover=&#8220;off&#8220; position_origin_a=&#8220;bottom_center&#8220; vertical_offset=&#8220;20px&#8220; global_colors_info=&#8220;{}&#8220; theme_builder_area=&#8220;post_content&#8220;][\/et_pb_button][\/et_pb_column][\/et_pb_row][\/et_pb_section][et_pb_section fb_built=&#8220;1&#8243; _builder_version=&#8220;4.25.1&#8243; _module_preset=&#8220;default&#8220; global_colors_info=&#8220;{}&#8220; theme_builder_area=&#8220;post_content&#8220;][et_pb_row _builder_version=&#8220;4.25.1&#8243; _module_preset=&#8220;default&#8220; width=&#8220;100%&#8220; global_colors_info=&#8220;{}&#8220; theme_builder_area=&#8220;post_content&#8220;][et_pb_column type=&#8220;4_4&#8243; _builder_version=&#8220;4.25.1&#8243; _module_preset=&#8220;default&#8220; global_colors_info=&#8220;{}&#8220; theme_builder_area=&#8220;post_content&#8220;][et_pb_heading title=&#8220;Verf\u00fcgbare Oberfl\u00e4chen f\u00fcr Glasleisten- und Trennwandprofile&#8220; _builder_version=&#8220;4.25.1&#8243; _module_preset=&#8220;default&#8220; title_level=&#8220;h2&#8243; title_font=&#8220;|700|||||||&#8220; title_text_align=&#8220;center&#8220; global_colors_info=&#8220;{}&#8220; theme_builder_area=&#8220;post_content&#8220;][\/et_pb_heading][difl_iconlist list_view_type=&#8220;inline&#8220; list_item_content_max_width=&#8220;100%&#8220; _builder_version=&#8220;4.27.0&#8243; _module_preset=&#8220;default&#8220; hover_enabled=&#8220;0&#8243; global_colors_info=&#8220;{}&#8220; theme_builder_area=&#8220;post_content&#8220; list_item_per_column_last_edited=&#8220;on|phone&#8220; sticky_enabled=&#8220;0&#8243; list_item_per_column_tablet=&#8220;1&#8243; list_item_per_column_phone=&#8220;1&#8243;][difl_iconlistitem list_item_title=&#8220;Transparent&#8220; _builder_version=&#8220;4.25.1&#8243; global_colors_info=&#8220;{}&#8220; theme_builder_area=&#8220;post_content&#8220;]<\/p>\n<p><span>Perfekt f\u00fcr Anwendungen, die maximale Transparenz und Sichtbarkeit erfordern, wie z.B. Abdeckungen f\u00fcr Beleuchtung und Displays.<\/span><\/p>\n<p>[\/difl_iconlistitem][difl_iconlistitem list_item_title=&#8220;Opal&#8220; _builder_version=&#8220;4.25.1&#8243; global_colors_info=&#8220;{}&#8220; theme_builder_area=&#8220;post_content&#8220;]<\/p>\n<p><span>Ideal, um Licht gleichm\u00e4\u00dfig zu streuen, Blendungen zu reduzieren und eine weiche, angenehme Beleuchtung zu schaffen.<\/span><\/p>\n<p>[\/difl_iconlistitem][difl_iconlistitem list_item_title=&#8220;Satin&#8220; _builder_version=&#8220;4.25.1&#8243; global_colors_info=&#8220;{}&#8220; theme_builder_area=&#8220;post_content&#8220;]<\/p>\n<p><span>Bietet ein elegantes und modernes Finish, das Transparenz und Opazit\u00e4t f\u00fcr einen einzigartigen visuellen Effekt kombiniert.<\/span><\/p>\n<p>[\/difl_iconlistitem][difl_iconlistitem list_item_title=&#8220;Farbig&#8220; admin_label=&#8220;List item&#8220; _builder_version=&#8220;4.25.1&#8243; _module_preset=&#8220;default&#8220; global_colors_info=&#8220;{}&#8220; theme_builder_area=&#8220;post_content&#8220;]<\/p>\n<p><span>Erh\u00e4ltlich in einer breiten Farbpalette, um den spezifischen \u00e4sthetischen Anforderungen Ihrer Projekte gerecht zu werden.<\/span><\/p>\n<p>[\/difl_iconlistitem][difl_iconlistitem list_item_title=&#8220;Koextrudiert&#8220; admin_label=&#8220;List item&#8220; _builder_version=&#8220;4.25.1&#8243; _module_preset=&#8220;default&#8220; global_colors_info=&#8220;{}&#8220; theme_builder_area=&#8220;post_content&#8220;]<\/p>\n<p><span>Bietet eine Kombination verschiedener Materialien in einem Profil und verleiht einzigartige Eigenschaften wie zus\u00e4tzliche Festigkeit oder spezielle \u00e4sthetische Effekte.<\/span><\/p>\n<p>[\/difl_iconlistitem][difl_iconlistitem list_item_title=&#8220;Black &amp; White&#8220; admin_label=&#8220;List item&#8220; _builder_version=&#8220;4.25.1&#8243; _module_preset=&#8220;default&#8220; global_colors_info=&#8220;{}&#8220; theme_builder_area=&#8220;post_content&#8220;]<\/p>\n<p><span> Ideal f\u00fcr zeitgen\u00f6ssische Designanwendungen, bei denen starke und scharfe Kontraste erforderlich sind.<\/span><\/p>\n<p>[\/difl_iconlistitem][\/difl_iconlist][\/et_pb_column][\/et_pb_row][\/et_pb_section][et_pb_section fb_built=&#8220;1&#8243; module_id=&#8220;catalogo&#8220; _builder_version=&#8220;4.25.1&#8243; _module_preset=&#8220;default&#8220; custom_padding=&#8220;0px||0px||false|false&#8220; saved_tabs=&#8220;all&#8220; global_colors_info=&#8220;{}&#8220; theme_builder_area=&#8220;post_content&#8220;][et_pb_row _builder_version=&#8220;4.25.1&#8243; _module_preset=&#8220;default&#8220; width=&#8220;100%&#8220; global_colors_info=&#8220;{}&#8220; theme_builder_area=&#8220;post_content&#8220;][et_pb_column type=&#8220;4_4&#8243; _builder_version=&#8220;4.25.1&#8243; _module_preset=&#8220;default&#8220; global_colors_info=&#8220;{}&#8220; theme_builder_area=&#8220;post_content&#8220;][et_pb_heading title=&#8220;@ET-DC@eyJkeW5hbWljIjp0cnVlLCJjb250ZW50IjoiY3VzdG9tX21ldGFfdGl0b2xvX2NhdGFsb2dvX3BhZ2luYV9zaW5nb2xpX3Byb2ZpbGkiLCJzZXR0aW5ncyI6eyJiZWZvcmUiOiIiLCJhZnRlciI6IiIsImVuYWJsZV9odG1sIjoib2ZmIn19@&#8220; _builder_version=&#8220;4.25.2&#8243; _dynamic_attributes=&#8220;title&#8220; _module_preset=&#8220;default&#8220; title_level=&#8220;h2&#8243; title_font=&#8220;|700|||||||&#8220; title_text_align=&#8220;center&#8220; global_colors_info=&#8220;{}&#8220; theme_builder_area=&#8220;post_content&#8220;][\/et_pb_heading][\/et_pb_column][\/et_pb_row][et_pb_row _builder_version=&#8220;4.25.2&#8243; _module_preset=&#8220;default&#8220; width=&#8220;100%&#8220; global_colors_info=&#8220;{}&#8220; theme_builder_area=&#8220;post_content&#8220;][et_pb_column type=&#8220;4_4&#8243; _builder_version=&#8220;4.25.1&#8243; _module_preset=&#8220;default&#8220; global_colors_info=&#8220;{}&#8220; theme_builder_area=&#8220;post_content&#8220;][et_pb_portfolio fullwidth=&#8220;off&#8220; posts_number=&#8220;100&#8243; include_categories=&#8220;36&#8243; _builder_version=&#8220;4.25.2&#8243; _module_preset=&#8220;default&#8220; box_shadow_style_image=&#8220;preset3&#8243; box_shadow_vertical_image=&#8220;5px&#8220; box_shadow_blur_image=&#8220;10px&#8220; global_colors_info=&#8220;{}&#8220; theme_builder_area=&#8220;post_content&#8220;][\/et_pb_portfolio][\/et_pb_column][\/et_pb_row][\/et_pb_section]<\/p>\n","protected":false},"excerpt":{"rendered":"<p>Mikroprismatische Beleuchtungsprofile werden aus Polycarbonat (PC) und Polymethylmethacrylat (PMMA) extrudiert. Diese Materialien werden aufgrund ihrer ausgezeichneten optischen und mechanischen Eigenschaften ausgew\u00e4hlt. Die Profile sind mit einer mikroprismatischen Struktur gestaltet, die die Lichtverteilung verbessert, Blendungen reduziert und die Lichtausbeute erh\u00f6ht. Muster sind auf Anfrage f\u00fcr spezifische Bewertungen erh\u00e4ltlich. Um Ihnen bei der Auswahl der besten L\u00f6sung f\u00fcr Ihre Bed\u00fcrfnisse zu helfen, bieten wir auf Anfrage Muster unserer Profile an. So k\u00f6nnen Sie die verf\u00fcgbaren Eigenschaften und Oberfl\u00e4chen direkt bewerten und sicherstellen, dass Sie das perfekte Profil f\u00fcr Ihr Projekt ausw\u00e4hlen. Mikroprismatische Profile finden in einer Vielzahl von Branchen Anwendung, darunter: Kommerzielle Beleuchtung B\u00fcrolampen: Verbessern die Lichtgleichm\u00e4\u00dfigkeit, reduzieren Blendungen und erh\u00f6hen die Energieeffizienz. Schaufenster: Sorgen f\u00fcr eine helle, gleichm\u00e4\u00dfige Beleuchtung, die die ausgestellten Produkte hervorhebt. Industrielle Beleuchtung Lagerhallen und Lagereinrichtungen: Sorgen f\u00fcr eine gleichm\u00e4\u00dfige Lichtverteilung in gro\u00dfen R\u00e4umen und verbessern die Sichtbarkeit und Sicherheit. Wohnbeleuchtung Lampen und Innenbeleuchtungssysteme: Schaffen helle, einladende Umgebungen mit weicher, gleichm\u00e4\u00dfiger Beleuchtung. Dekorative Beleuchtung: Verwendet in Wandleuchten, Kronleuchtern und anderen dekorativen L\u00f6sungen f\u00fcr anspruchsvolle Lichteffekte. \u00d6ffentliche Beleuchtung Parks und \u00f6ffentliche Bereiche: Bieten diffuses, angenehmes Licht, das die Sicht verbessert, ohne zu blenden. \u00d6ffentliche Infrastrukturen: Wie Bahnh\u00f6fe und Flugh\u00e4fen, wo eine gute Lichtverteilung f\u00fcr Sicherheit und Orientierung unerl\u00e4sslich ist. [&hellip;]<\/p>\n","protected":false},"author":1,"featured_media":0,"parent":306028,"menu_order":0,"comment_status":"closed","ping_status":"closed","template":"","meta":{"_acf_changed":false,"_et_pb_use_builder":"on","_et_pb_old_content":"","_et_gb_content_width":"","footnotes":""},"difl_page_category":[],"class_list":["post-309008","page","type-page","status-publish","hentry"],"acf":[],"_links":{"self":[{"href":"https:\/\/pth.2fcom.me\/de\/wp-json\/wp\/v2\/pages\/309008","targetHints":{"allow":["GET"]}}],"collection":[{"href":"https:\/\/pth.2fcom.me\/de\/wp-json\/wp\/v2\/pages"}],"about":[{"href":"https:\/\/pth.2fcom.me\/de\/wp-json\/wp\/v2\/types\/page"}],"author":[{"embeddable":true,"href":"https:\/\/pth.2fcom.me\/de\/wp-json\/wp\/v2\/users\/1"}],"replies":[{"embeddable":true,"href":"https:\/\/pth.2fcom.me\/de\/wp-json\/wp\/v2\/comments?post=309008"}],"version-history":[{"count":2,"href":"https:\/\/pth.2fcom.me\/de\/wp-json\/wp\/v2\/pages\/309008\/revisions"}],"predecessor-version":[{"id":309010,"href":"https:\/\/pth.2fcom.me\/de\/wp-json\/wp\/v2\/pages\/309008\/revisions\/309010"}],"up":[{"embeddable":true,"href":"https:\/\/pth.2fcom.me\/de\/wp-json\/wp\/v2\/pages\/306028"}],"wp:attachment":[{"href":"https:\/\/pth.2fcom.me\/de\/wp-json\/wp\/v2\/media?parent=309008"}],"wp:term":[{"taxonomy":"difl_page_category","embeddable":true,"href":"https:\/\/pth.2fcom.me\/de\/wp-json\/wp\/v2\/difl_page_category?post=309008"}],"curies":[{"name":"wp","href":"https:\/\/api.w.org\/{rel}","templated":true}]}}